{"id":96,"date":"2019-11-30T20:24:45","date_gmt":"2019-11-30T18:24:45","guid":{"rendered":"http:\/\/xn--jrg-werner-ecb.com\/?page_id=96"},"modified":"2020-06-14T18:53:16","modified_gmt":"2020-06-14T16:53:16","slug":"guten-morgen-wahnwitz","status":"publish","type":"page","link":"https:\/\/xn--jrg-werner-ecb.com\/index.php\/guten-morgen-wahnwitz\/","title":{"rendered":"Guten Morgen Wahnwitz"},"content":{"rendered":"\n<h1>Leseprobe: Guten Morgen Wahnwitz<\/h1>\n\n\n\n<h1>OBSERVATION I<\/h1>\n\n\n\n<p>Schr\u00e4g gegen\u00fcber dem Aldi-Parkplatz und in pr\u00e4ziser Front zum Schrottplatz hatten zwei andere Herren \u00e4hnliche Launen. Zur unauff\u00e4lligen Observation des Tatortes von vorvoriger Nacht hatten sich die Herren Gr\u00f6tel nebst linker Hand in einen Fitnessclub zur\u00fcckziehen m\u00fcssen.<br>Das Haus, in dem sich das Center befand, hatte schon weitaus bessere Tage gesehen, die Vorderseite war ebenerdig verglast und bis Kopfh\u00f6he mit wei\u00dfer Farbe \u00fcberpinselt, die stellenweise abbr\u00f6ckelte, dort waren innen, als Sichtschutz wahrscheinlich, diverse Plakate auf die Fenster geklebt worden.<br>Gr\u00f6tel zog missmutig an seiner filterlosen Kippe, deren Asche achtlos vor ihm zu Boden segelte, w\u00e4hrend Schwammnitz neben ihm ein Ruderger\u00e4t traktierte und dabei immer wieder \u201euh\u201c und \u201eoh\u201c japste, als w\u00fcrde er jede Minute ejakulieren. Bei dem Gedanken daran zitterten Gr\u00f6tel angewidert die H\u00e4nde, und er steckte sich am Stummel der Zigarette eine neue Kippe an.<br><em>Als w\u00e4re er im Ruderboot vorm Moruroa-Atoll ausgesetzt worden, kurz vor \u2018ner neuen Testreihe, aber wahrscheinlich w\u00fcrden\u2019s die Franzosen doch vermasseln,<\/em> gr\u00fcbelte Gr\u00f6tel, w\u00e4hrend er die Einfahrt zum Schrottplatz versonnen betrachtete. <br>\u201eHerr Hauptkommissar, k\u00f6nnen Sie nicht mal das Rauchen unterlassen? Ich bin\u2019s inzwischen gew\u00f6hnt, aber die anderen Sportler hier!\u201c<br>Gr\u00f6tel drehte sich zum Raum hin um und blaffte angeekelt und total verschnupft lauthals in den Saal: \u201eWas f\u00fcr Sportler, verdammt noch mal, ich seh\u2019 hier nur ein Dutzend Fleischklopse mit \u2018ner nazistischen St\u00f6rung.\u201c<br>Das Knarren, Quietschen und St\u00f6hnen wurde von einem kurzen Moment absoluter Stille \u00fcberlagert, in die hinein Gr\u00f6tel in bekannter Manier seine Rotze nach oben zog und sich wieder der Stra\u00dfe zukehrte.<br>\u201eChef, das sind Bodybuilder, die sind sensibel, die k\u00f6nnen Sie nicht so behandeln.\u201c \u201eMensch, Schwammnitz, merkst du noch was? Brauchst doch nur mal auf die Plakate zu gucken, die hier \u00fcberall rumh\u00e4ngen, von den Foltermaschinen mal ganz abgesehen.\u201c <br>\u201eNa und?\u201c<br>\u201eLos, lies vor, das da hinten, neben dem gr\u00fcnen Dingsda, das wie ein Vollplastik-Alien von Beuys aussieht, steht.\u201c<br>\u201eDas ist eine indoor-walking-Anordnung von \u201aReebok Skywalker\u2018, wetterunabh\u00e4ngig und stufenlos regulierbare Trainingssteigerungsanpassung.\u201c<br>\u201eEine was?\u201c<br>\u201eEine indoor-wal&#8230;\u201c<br>\u201eMensch, ich bin nicht schwerh\u00f6rig, was macht man mit dem Schei\u00dfding?\u201c<br>\u201eGehen, Chef, man geht zum Beispiel bergauf, oder so.\u201c<br>\u201eAha, hier steht also ein Ger\u00e4t zum Gehen &#8211; fein, und du willst mir erz\u00e4hlen, die da hinten w\u00e4ren sensibel, was?\u201c<br>Gr\u00f6tel hatte sich jetzt wieder dem Raum zugewandt, zog wild an der Zigarette und schnickte die Asche in Richtung der Schwitzenden an den Ger\u00e4ten. Er las laut vor: \u201eVersa Climber, the home trainer, es gibt kein effektiveres Training als das ,Versaclimbing\u2019 gegen den Zug der Schwerkraft, oder dort dr\u00fcben ,High and low Step Aerobic mit Choreographie-Advisement und Workout-Musik f\u00fcr Fortgeschrittene.\u201c <br>\u201eChef, das ist Englisch &#8230;\u201c<br>\u201eSchnauze, Schwammnitz, ich wei\u00df, dass das Englisch ist, in Chinesisch w\u00fcrd\u2019 ich den Humbug wenigstens nicht verstehen.\u201c <br>\u201eDie Sprache des Sports ist international.\u201c<br>Gr\u00f6tel besch\u00e4ftigte sich demonstrativ mit seinem Schnupfen, indem er einen tierischen Nieser energisch in den Raum schleuderte und danach den Kopf sch\u00fcttelte, als wollte er ein paar Viren wie Dukaten an das Volk verteilen. <br>\u201eSag mal, seit wann machst du das mit dem Trainieren eigentlich schon?\u201c <br>Die linke Hand ruderte jetzt wie wild, als gelte es, Gr\u00f6tel zu entkommen. Unter Keuchen und St\u00f6hnen zischte er: \u201eSeit meine Frau in dieser Yogagruppe ist. Sie meinte eines Tages, als sie von der Gruppe kam, wenn ich meinen K\u00f6rper nicht besser definiere, k\u00f6nnte sie gleich mit einem Nilpferd schlafen.\u201c<br>\u201eAha, und seitdem definierst du dich?\u201c Gr\u00f6tel beobachtete jetzt wieder die gegen\u00fcberliegende Seite.<br>\u201eIn einem gesunden K\u00f6rper wohnt ein gesunder Geist, hat meine Frau mal zu mir gesagt.\u201c<br>Schwammnitz war irgendwie aus dem Takt gekommen und peitschte das imagin\u00e4re Wasser, Gr\u00f6tel bewunderte den Ruderstil und arbeitete h\u00f6rbar an seinem Rotzproblem.<br>\u201eKluge Frau\u201c, antwortete der Kommissar und dachte angewidert, w\u00e4hrend er aus den Augenwinkeln den Ruderer betrachtete: <em>Der sieht tats\u00e4chlich wie \u2018ne mutierte Dogge aus, mit zu breiter Brust und Sabber in den Lefzen<\/em>\u2026<\/p>\n\n\n\n<p><\/p>\n","protected":false},"excerpt":{"rendered":"<p>Leseprobe: Guten Morgen Wahnwitz OBSERVATION I Schr\u00e4g gegen\u00fcber dem Aldi-Parkplatz und in pr\u00e4ziser Front zum Schrottplatz hatten zwei andere Herren<a href=\"https:\/\/xn--jrg-werner-ecb.com\/index.php\/guten-morgen-wahnwitz\/\" class=\"more-link\"><span class=\"readmore\">Continue reading<span class=\"screen-reader-text\">Guten Morgen Wahnwitz<\/span><\/span><\/a><\/p>\n","protected":false},"author":1,"featured_media":0,"parent":0,"menu_order":0,"comment_status":"closed","ping_status":"closed","template":"","meta":{"_links_to":"","_links_to_target":""},"_links":{"self":[{"href":"https:\/\/xn--jrg-werner-ecb.com\/index.php\/wp-json\/wp\/v2\/pages\/96"}],"collection":[{"href":"https:\/\/xn--jrg-werner-ecb.com\/index.php\/wp-json\/wp\/v2\/pages"}],"about":[{"href":"https:\/\/xn--jrg-werner-ecb.com\/index.php\/wp-json\/wp\/v2\/types\/page"}],"author":[{"embeddable":true,"href":"https:\/\/xn--jrg-werner-ecb.com\/index.php\/wp-json\/wp\/v2\/users\/1"}],"replies":[{"embeddable":true,"href":"https:\/\/xn--jrg-werner-ecb.com\/index.php\/wp-json\/wp\/v2\/comments?post=96"}],"version-history":[{"count":3,"href":"https:\/\/xn--jrg-werner-ecb.com\/index.php\/wp-json\/wp\/v2\/pages\/96\/revisions"}],"predecessor-version":[{"id":334,"href":"https:\/\/xn--jrg-werner-ecb.com\/index.php\/wp-json\/wp\/v2\/pages\/96\/revisions\/334"}],"wp:attachment":[{"href":"https:\/\/xn--jrg-werner-ecb.com\/index.php\/wp-json\/wp\/v2\/media?parent=96"}],"curies":[{"name":"wp","href":"https:\/\/api.w.org\/{rel}","templated":true}]}}