{"id":94,"date":"2019-11-30T20:24:12","date_gmt":"2019-11-30T18:24:12","guid":{"rendered":"http:\/\/xn--jrg-werner-ecb.com\/?page_id=94"},"modified":"2020-10-09T15:50:03","modified_gmt":"2020-10-09T13:50:03","slug":"doppelkopf-oder-die-kunst-spielend-zu-leben","status":"publish","type":"page","link":"https:\/\/xn--jrg-werner-ecb.com\/index.php\/doppelkopf-oder-die-kunst-spielend-zu-leben\/","title":{"rendered":"Doppelkopf oder die Kunst spielend zu leben"},"content":{"rendered":"\n<p><a href=\"https:\/\/www.amazon.de\/Doppelkopf-oder-Kunst-spielend-leben-ebook\/dp\/B071WMRMYC\/ref=sr_1_2?__mk_de_DE=%C3%85M%C3%85%C5%BD%C3%95%C3%91&amp;dchild=1&amp;keywords=doppelkopf+oder+die+kunst+spielend+zu+leben&amp;qid=1592149604&amp;sr=8-2\" target=\"_blank\" rel=\"noreferrer noopener\"><strong>Hier klicken f\u00fcr das E-Book<\/strong>.<\/a><\/p>\n\n\n\n<p>Mehr Infos auch auf <strong><a href=\"http:\/\/doppelkopf-spielend-leben.de\/\" target=\"_blank\" rel=\"noreferrer noopener\">dieser Website.<\/a><\/strong><\/p>\n\n\n\n<h4>Wenn Sie das Spiel nicht kennen \u2026<\/h4>\n\n\n\n<p>\u2026 er\u00f6ffnet Ihnen das Buch eine gro\u00dfartige M\u00f6glichkeit, die \nWirklichkeit mit anderen zu teilen, in Gewinn wie in Verlust und mit \nSpa\u00df im Hier und Jetzt. Aha-Erlebnisse und herzliches Lachen sind \nvorprogrammiert und schon nach k\u00fcrzester Zeit werden Sie sich fragen, \nwie Sie jemals ohne dieses Spiel  leben konnten.<\/p>\n\n\n\n<h4>Wenn Sie das Spiel bereits kennen \u2026<\/h4>\n\n\n\n<p>\u2026 besteht immer die Gefahr, dass Ihnen die eine oder andere Feinheit \nbisher entgangen ist. Wenn Sie dieses Buch gelesen haben, kann Ihnen das\n nicht mehr passieren!<\/p>\n\n\n\n<h4>Was ist Doppelkopf?<\/h4>\n\n\n\n<p>Poker ist en vogue, Doppelkopf ist sexy und Erotik pur!<\/p>\n\n\n\n<h3>Die Doppelkopf-Regeln<\/h3>\n\n\n\n<p>Doppelkopf ist ein Kartenspiel, das mit 40 oder 48 Karten und 4 \nSpielern gespielt wird. Die Spielregeln werden vor dem Spiel, je nach \nVorlieben, Erfahrungen oder Spielst\u00e4rke der Akteure, festgelegt. Oder, \num es vereinfacht mit den Worten von Franz Beckenbauer zu sagen: \u201eVor \ndem Spiel ist nach dem Spiel\u201c &#8211; denn die Aufstellung &#8211; HIER die REGELN &#8211;\n von Spiel zu Spiel variiert werden.<\/p>\n\n\n\n<p>Damit demonstriert \u201e \u2026 Doppelkopf in seiner Regelvielfalt die \nurdemokratische Notwendigkeit zur Einigung auf eben eine verbindliche \nOrdnung bzw. Regel, um gemeinsam zu spielen. Das liebenswerte an diesem \nKartenspiel ist die Tatsache, dass man immer wieder auf neue \nRegelvarianten st\u00f6\u00dft, diese vielleicht ausprobiert oder verwirft, ohne \nsich auf ein Regeldogma berufen zu k\u00f6nnen. Dadurch ist Doppelkopf nicht \nnur flexibler, undogmatischer und geselliger, sondern schon im Vorfeld \ndes eigentlichen Spielens dazu angetan, die Beteiligten intensiver als \nbei anderen Kartenspielen miteinander bekannt zu machen. Dies ist unter \nanderem ein Grund, warum es f\u00fcr bestimmte Spielernaturen ein weitaus \ngr\u00f6\u00dferes Lustpotenzial beinhaltet als z. B. der durch starre Regeln \nrestringierte Skat.\u201c (Auszug \u201eDoppelkopf oder die Kunst spielend zu \nleben\u201c S. 3)<\/p>\n\n\n\n<h3>In ihrem Buch Doppelkopf oder die Kunst spielend zu leben<\/h3>\n\n\n\n<p>\u201etauchen\u201c die Autoren J\u00f6rg Werner und Marion Lin\u00df aber viel tiefer in\n den Doppelkopf Kosmos ein,thematisieren sowohl philosophische, \npolitische und erotische Aspekte des Spiels und schlagen geschickt die \nBr\u00fccke zum aktuellen Boom des Online-Doppelkopfspielens.\nBei alldem wird der wichtigste Aspekt nicht aus den Augen verloren: \n\u201eNoch ein Letztes m\u00fcssen wir Ihnen dringend mit auf den Weg geben: \nvermeiden Sie den schwerwiegendsten, den vernichtendsten Fehler im \nZusammenhang mit Doppelkopf: Nehmen Sie die Dinge um Gottes Willen nicht\n so verflucht ernst, niemals! <strong>Lassen Sie sich dieses Buch eine Warnung sein.<\/strong>\u201c (Auszug \u201eDoppelkopf oder die Kunst spielend zu leben\u201c S. 133)<\/p>\n\n\n\n<h3>Entstehungsgeschichte des Doppelkopf-Buches <\/h3>\n\n\n\n<p>Um die Entstehungsgeschichte des Buches \u201eDoppelkopf oder die Kunst \nspielend zu leben\u201c ranken sich unz\u00e4hlige Mythen, Geschichten, \n\u00dcberlieferungen und Erz\u00e4hlungen. Wir m\u00f6chten an dieser Stelle nicht \nn\u00e4her auf die besonderen Umst\u00e4nde eingehen und eine Bewertung \nnachfolgenden Generationen der Doppelkopf-Forschung \u00fcberlassen.<\/p>\n\n\n\n<p>Hier geben wir erstmals die autorisierten und freigegebenen Fassungen\n der beiden Autoren Marion Lin\u00df und J\u00f6rg Werner wieder. Es darf, sollte,\n ja es muss daraus \u2013 selbstverst\u00e4ndlich unter Angabe der Quelle (ein \nLink zu dieser Seite gen\u00fcgt) &#8211; zitiert werden.<\/p>\n\n\n\n<p>Habe ich da \u201cmehrere\u201d Fassungen gelesen? &#8211; werden Sie sich jetzt \nfragen. Ja, Sie haben richtig gelesen: Es gibt &#8211; wie so oft im Leben &#8211; \nmehrere Varianten oder Sichtweisen der gleichen Begebenheit. Das \nmenschliche Verhalten wird immer durch die eigene Wahrnehmung \nbeeinflusst. Und diese sieht bei jedem Menschen nun einmal anders aus. \nWir sehen das Gleiche, nehmen jedoch nie das Gleiche wahr. Dieses \nPh\u00e4nomen nennt man allgemein &#8222;subjektive Wahrnehmung&#8220;.<\/p>\n\n\n\n<p>Unter diesem, f\u00fcr die Umwelt oft irritierenden Ph\u00e4nomen, leidet nicht\n nur die Prozessrechtstheorie bei der Bewertung der Zuverl\u00e4ssigkeit \neines Zeugenbeweises &#8211; auch die Doppelkopf-Autoren J\u00f6rg Werner und \nMarion Lin\u00df k\u00f6nnen sich in ihren Erinnerungen an die \nEntstehungsgeschichte nicht ganz davon befreien. Aber lesen und urteilen\n Sie selbst &#8230;<\/p>\n\n\n\n<h3>\u201eDoppelkopf oder die Kunst spielend zu leben\u201c<br>Genesis 1:<\/h3>\n\n\n\n<p><strong>Frage:<\/strong> Wie kamt Ihr auf die Idee ein Buch \u00fcber Doppelkopf zu schreiben?<\/p>\n\n\n\n<p><strong>Marion:<\/strong> <em>\u201eJa, ich will\u201c<\/em> &#8211; wie von selbst kamen\n die Worte \u00fcber meine Lippen. Ich schaute auf und sah R\u00fchrung in blauen \nAugen. Da wusste ich, ER ist der Richtige, lie\u00df meine Herz Dame auf den \nTisch segeln und sackte den Stich ein. Das war der Mann, der mein Buch \nschreiben w\u00fcrde.<\/p>\n\n\n\n<p><strong>J\u00f6rg:<\/strong> Zwei gleiche schwarze Damen waren zu viel f\u00fcr \nmich. Ich musste etwas unternehmen. Da fiel mein Blick auf sie, die \nBlonde am Tisch mir gegen\u00fcber und ich schrie \u201eHochzeit, wer heiratet \nein?\u201c Unsere gl\u00fcckliche Ehe geht ins 12. Jahr.<\/p>\n\n\n\n<p><strong>Quelle:<\/strong> Das Interview f\u00fchrte Shongitha Narayan (Frankfurt, 1. April 2008)<\/p>\n\n\n\n<h3>Doppelkopf Genesis 2<\/h3>\n\n\n\n<p><strong>Frage:<\/strong> Wie kamt Ihr auf die Idee ein Buch \u00fcber Doppelkopf zu schreiben?<\/p>\n\n\n\n<p><strong>Marion:<\/strong> W\u00e4hrend der Arbeit im sozialen Brennpunkt  \nhatten wir mit Jungs zu tun, die glaubten sie seien von der harten \nSorte. Sie schw\u00e4nzten die Schule, dealten, klauten, kifften und stellten\n M\u00e4dchen nach oder hingen einfach ab, um zu sehen was der Tag so bringen\n w\u00fcrde. Meist brachte er nur \u00c4rger, Frust und eine gelegentliche \nVerhaftung. Die M\u00e4dchen hielten sich von  \u00c4rger fern so gut es ging, \nzickten untereinander, schlugen die Zeit tot, klauten ebenfalls und \nwarteten auf den Erl\u00f6ser, der anders sein w\u00fcrde als die M\u00e4nner, die sie \nkannten. Die kl\u00fcgeren K\u00f6pfe unter ihnen waren entweder gelangweilt oder \nbewegten sich auf fragw\u00fcrdigen Wegen.<\/p>\n\n\n\n<p><strong>Bis wir anfingen mit ihnen Doppelkopf zu spielen.<\/strong><\/p>\n\n\n\n<p>Dabei zeigte sich, dass dieses komplexe Spiel nicht nur leicht zu \nbegreifen ist, sondern sowohl die Kommunikations- wie auch die \nKooperationsf\u00e4higkeit f\u00f6rdert, ruck zuck  Langeweile vertreibt und im \nVergleich jedes Internetspiel \u00f6de aussehen l\u00e4sst. Da es au\u00dferdem noch \ndie M\u00f6glichkeit er\u00f6ffnet Verlieren zu trainieren ohne gleich ausrasten \nzu m\u00fcssen, haben wir dieses Buch geschrieben \u2013 eben eine Liebeserkl\u00e4rung\n an ein tolles Spiel.<\/p>\n\n\n\n<p><strong>J\u00f6rg:<\/strong> Ja Marion, sch\u00f6ne Geschichte, stimmt aber \nnicht. Wir hatten ein paar Idioten mit einem Artikel verprellt und \nmussten eine Zeit lang abtauchen. Da traf es sich ganz gut, dass wir \neine Kreuzfahrt zum Nordkap gewonnen hatten. Die Reise stellte sich dann\n aber sehr schnell als gew\u00f6hnlicher Horror heraus. Da gab es tats\u00e4chlich\n Bl\u00f6dm\u00e4nner, die gefragt haben, ob das Tontaubenschie\u00dfen im Freien \nstattfindet oder um welche Uhrzeit das Mitternachtsbuffet er\u00f6ffnet wird.\n Sp\u00e4testens als ein Alleinunterhalter sein Programm mit: \u201cNun mal Scherz\n beiseite\u2026\u201c er\u00f6ffnete und der Saal sich vor Lachen aussch\u00fctten wollte, \nw\u00e4re es an der Zeit gewesen diese Titanic gehobener Niveaulosigkeit zu \nverlassen. Dummerweise waren im Bordessen Salmonellen aufgetaucht und \nder Dampfer stand f\u00fcr zehn Tage unter Quarant\u00e4ne \u2013 in Trondheim, im \nNebel. Wunderbarerweise haben wir dann doch noch einige wenige \nvern\u00fcnftige Leute getroffen, in der \u201eKeep Cool Bar\u201c auf dem untersten \nDeck. Na ja und dann haben wir mit denen halt zehn Tage Doppelkopf \ngespielt. Den Barmann haben sie sp\u00e4ter bef\u00f6rdert und die Bar in \nDoKo-Klause umgetauft.<\/p>\n\n\n\n<p>Da dachte ich, wir sollten unbedingt ein Buch \u00fcber Doppelkopf \nschreiben, schon allein um den Leuten f\u00fcr Krisensituationen etwas zum \n\u00dcberleben an die Hand zu geben.<\/p>\n\n\n\n<p><strong>Quelle:<\/strong> Das Interview f\u00fchrte Sergei Bogdanow (Bretagne, 11. November 2009)<\/p>\n\n\n\n<h3>Der Doppelkopf X Faktor<\/h3>\n\n\n\n<p>Wahr oder nicht wahr? Gab es die besagte \u201eKeep Cool Bar\u201c auf dem \nuntersten Deck oder befand sie sich doch auf dem Oberdeck? War die \nZeitfrage beim Mitternachtsbuffet letztendlich nicht doch berechtigt? \nUnd wie war die Antwort auf die Frage \u201e\u2026wer heiratet ein\u201c?<\/p>\n\n\n\n<p>Welches ist nun die wahre Geschichte? Lesen Sie das Buch und ALLE Ihre Frage werden sich von selbst beantworten.<\/p>\n","protected":false},"excerpt":{"rendered":"<p>Hier klicken f\u00fcr das E-Book. Mehr Infos auch auf dieser Website. Wenn Sie das Spiel nicht kennen \u2026 \u2026 er\u00f6ffnet<a href=\"https:\/\/xn--jrg-werner-ecb.com\/index.php\/doppelkopf-oder-die-kunst-spielend-zu-leben\/\" class=\"more-link\"><span class=\"readmore\">Continue reading<span class=\"screen-reader-text\">Doppelkopf oder die Kunst spielend zu leben<\/span><\/span><\/a><\/p>\n","protected":false},"author":1,"featured_media":0,"parent":0,"menu_order":0,"comment_status":"closed","ping_status":"closed","template":"","meta":{"_links_to":"","_links_to_target":""},"_links":{"self":[{"href":"https:\/\/xn--jrg-werner-ecb.com\/index.php\/wp-json\/wp\/v2\/pages\/94"}],"collection":[{"href":"https:\/\/xn--jrg-werner-ecb.com\/index.php\/wp-json\/wp\/v2\/pages"}],"about":[{"href":"https:\/\/xn--jrg-werner-ecb.com\/index.php\/wp-json\/wp\/v2\/types\/page"}],"author":[{"embeddable":true,"href":"https:\/\/xn--jrg-werner-ecb.com\/index.php\/wp-json\/wp\/v2\/users\/1"}],"replies":[{"embeddable":true,"href":"https:\/\/xn--jrg-werner-ecb.com\/index.php\/wp-json\/wp\/v2\/comments?post=94"}],"version-history":[{"count":8,"href":"https:\/\/xn--jrg-werner-ecb.com\/index.php\/wp-json\/wp\/v2\/pages\/94\/revisions"}],"predecessor-version":[{"id":389,"href":"https:\/\/xn--jrg-werner-ecb.com\/index.php\/wp-json\/wp\/v2\/pages\/94\/revisions\/389"}],"wp:attachment":[{"href":"https:\/\/xn--jrg-werner-ecb.com\/index.php\/wp-json\/wp\/v2\/media?parent=94"}],"curies":[{"name":"wp","href":"https:\/\/api.w.org\/{rel}","templated":true}]}}