{"id":378,"date":"2020-10-09T15:43:11","date_gmt":"2020-10-09T13:43:11","guid":{"rendered":"https:\/\/xn--jrg-werner-ecb.com\/?page_id=378"},"modified":"2020-10-19T17:31:35","modified_gmt":"2020-10-19T15:31:35","slug":"goer-lie","status":"publish","type":"page","link":"https:\/\/xn--jrg-werner-ecb.com\/index.php\/goer-lie\/","title":{"rendered":"Lama Yondong erz\u00e4hlt uns die Geschichte von G\u00f6r-Lie"},"content":{"rendered":"\n<p>In der milden Atmosph\u00e4re einer Tr\u00e4gheit verbreitenden Sp\u00e4tsommertages, in l\u00e4ngst vergangenen Zeiten, wanderte G\u00f6r-Lie an einem steilem Abhang eines Hochplateaus entlang und dachte an gar nichts. Das ist f\u00fcr viele Menschen nichts Ungew\u00f6hnliches, dieses gar nichts denken.<\/p>\n\n\n\n<div class=\"wp-block-image\"><figure class=\"alignright size-large is-resized\"><img loading=\"lazy\" src=\"https:\/\/xn--jrg-werner-ecb.com\/wp-content\/uploads\/2020\/10\/image001.jpg\" alt=\"\" class=\"wp-image-380\" width=\"216\" height=\"240\"\/><\/figure><\/div>\n\n\n\n<p>Pl\u00f6tzlich sprang ein hungriger Tiger aus einem tr\u00e4gen raschelnden Geb\u00fcsch und st\u00fcrzte auf G\u00f6r-Lie zu. Von namenlosem Entsetzen gepackt sprang diese \u00fcber den Abgrund. Doch gl\u00fccklicherweise konnte sie gerade noch die Zweige eines wilden Busches greifen, der unterhalb der Plateaukante aus einer Felsspalte wuchs. Dort hing sie nun und nur eine einsame wilde Erdbeere leistete ihre Gesellschaft. Voller Verzweiflung fragte sie sich was zu tun sei. Der Tiger lauerte \u00fcber ihr und der Abgrund wartete unter ihr. Schlaumeier nennen so etwas dumm gelaufen.<\/p>\n\n\n\n<p>W\u00e4hrend ihre Verzweiflung wuchs, materialisierten sich unvermittelt drei Kobolde in ihrem Geb\u00fcsch, die sich als Experten f\u00fcr ausweglose Situationen vorstellten. G\u00f6r-Lie fragte die drei Spezialisten um Rat. Der Erste riet ihr zu springen, um ihr Leiden abzuk\u00fcrzen. Der Zweite riet ihr mit dem Tiger zu k\u00e4mpfen, um einen ehrenvollen Tod zu sterben. Der Dritte riet ihr die Erdbeere zu essen, um ihr Leben bis zum letzten Zug auszukosten.<\/p>\n\n\n\n<p>Da dachte G\u00f6r-Lie nach.<\/p>\n\n\n\n<p>Sie nahm die drei Experten und schleuderte sie auf das Hochplateau. Hocherfreut \u00fcber dieser Abwechslung, st\u00fcrzte der Tiger hinter den drei Spezialisten her, die vergeblich versuchten der Raubkatze zu entkommen und fra\u00df die drei z\u00e4hen Experten auf.<\/p>\n\n\n\n<p>G\u00f6r-Lie nutzte die Gelegenheit, kletterte nach oben und lief dem Tiger so schnell sie nur konnte davon.<\/p>\n\n\n\n<p>Die Erkenntnis lautet:<\/p>\n\n\n\n<p><strong>\u201eDem Tiger drei Experten zum Fra\u00df vorwerfen, um selber denkend die Freiheit zu gewinnen.\u201c<\/strong>&nbsp;&nbsp;&nbsp;&nbsp;&nbsp;&nbsp;&nbsp;&nbsp;&nbsp;&nbsp;<\/p>\n\n\n\n<figure class=\"wp-block-image size-full is-resized\"><img loading=\"lazy\" src=\"https:\/\/xn--jrg-werner-ecb.com\/wp-content\/uploads\/2020\/10\/image003.jpg\" alt=\"\" class=\"wp-image-381\" width=\"531\" height=\"247\" srcset=\"https:\/\/xn--jrg-werner-ecb.com\/wp-content\/uploads\/2020\/10\/image003.jpg 755w, https:\/\/xn--jrg-werner-ecb.com\/wp-content\/uploads\/2020\/10\/image003-300x140.jpg 300w\" sizes=\"(max-width: 531px) 100vw, 531px\" \/><\/figure>\n","protected":false},"excerpt":{"rendered":"<p>In der milden Atmosph\u00e4re einer Tr\u00e4gheit verbreitenden Sp\u00e4tsommertages, in l\u00e4ngst vergangenen Zeiten, wanderte G\u00f6r-Lie an einem steilem Abhang eines Hochplateaus<a href=\"https:\/\/xn--jrg-werner-ecb.com\/index.php\/goer-lie\/\" class=\"more-link\"><span class=\"readmore\">Continue reading<span class=\"screen-reader-text\">Lama Yondong erz\u00e4hlt uns die Geschichte von G\u00f6r-Lie<\/span><\/span><\/a><\/p>\n","protected":false},"author":1,"featured_media":0,"parent":0,"menu_order":0,"comment_status":"closed","ping_status":"closed","template":"","meta":{"_links_to":"","_links_to_target":""},"_links":{"self":[{"href":"https:\/\/xn--jrg-werner-ecb.com\/index.php\/wp-json\/wp\/v2\/pages\/378"}],"collection":[{"href":"https:\/\/xn--jrg-werner-ecb.com\/index.php\/wp-json\/wp\/v2\/pages"}],"about":[{"href":"https:\/\/xn--jrg-werner-ecb.com\/index.php\/wp-json\/wp\/v2\/types\/page"}],"author":[{"embeddable":true,"href":"https:\/\/xn--jrg-werner-ecb.com\/index.php\/wp-json\/wp\/v2\/users\/1"}],"replies":[{"embeddable":true,"href":"https:\/\/xn--jrg-werner-ecb.com\/index.php\/wp-json\/wp\/v2\/comments?post=378"}],"version-history":[{"count":5,"href":"https:\/\/xn--jrg-werner-ecb.com\/index.php\/wp-json\/wp\/v2\/pages\/378\/revisions"}],"predecessor-version":[{"id":454,"href":"https:\/\/xn--jrg-werner-ecb.com\/index.php\/wp-json\/wp\/v2\/pages\/378\/revisions\/454"}],"wp:attachment":[{"href":"https:\/\/xn--jrg-werner-ecb.com\/index.php\/wp-json\/wp\/v2\/media?parent=378"}],"curies":[{"name":"wp","href":"https:\/\/api.w.org\/{rel}","templated":true}]}}