{"id":323,"date":"2020-06-14T18:19:45","date_gmt":"2020-06-14T16:19:45","guid":{"rendered":"http:\/\/xn--jrg-werner-ecb.com\/?page_id=323"},"modified":"2020-06-14T18:22:25","modified_gmt":"2020-06-14T16:22:25","slug":"lama-yongdongs-gebetsmuehle","status":"publish","type":"page","link":"https:\/\/xn--jrg-werner-ecb.com\/index.php\/lama-yongdongs-gebetsmuehle\/","title":{"rendered":"Lama Yongdongs Gebetsm\u00fchle"},"content":{"rendered":"\n<p style=\"font-size:20px\"><strong>++Hass, Begierde, Unwissenheit++Hass, Begierde, Unwissenheit++Hass, Begierde, Unwissenheit++Hass, Begierde, Unwissenheit++Hass, Begierde, Unwissenheit++<\/strong><\/p>\n\n\n\n<p>Beipackzettel f\u00fcr <strong>Kleine Gebetsm\u00fchle <\/strong>Modell \u201e<strong>Lama Yongdong\u201c &#8211;<\/strong> einfache Ausf\u00fchrunggegen gew\u00f6hnlichen Alltagswahnsinn<\/p>\n\n\n\n<div class=\"wp-block-image\"><figure class=\"alignright size-large is-resized\"><img loading=\"lazy\" src=\"https:\/\/xn--jrg-werner-ecb.com\/wp-content\/uploads\/2020\/06\/image3-1-768x1024.jpg\" alt=\"\" class=\"wp-image-326\" width=\"222\" height=\"296\" srcset=\"https:\/\/xn--jrg-werner-ecb.com\/wp-content\/uploads\/2020\/06\/image3-1-768x1024.jpg 768w, https:\/\/xn--jrg-werner-ecb.com\/wp-content\/uploads\/2020\/06\/image3-1-225x300.jpg 225w, https:\/\/xn--jrg-werner-ecb.com\/wp-content\/uploads\/2020\/06\/image3-1-1152x1536.jpg 1152w, https:\/\/xn--jrg-werner-ecb.com\/wp-content\/uploads\/2020\/06\/image3-1-1536x2048.jpg 1536w, https:\/\/xn--jrg-werner-ecb.com\/wp-content\/uploads\/2020\/06\/image3-1-scaled.jpg 1920w\" sizes=\"(max-width: 222px) 100vw, 222px\" \/><\/figure><\/div>\n\n\n\n<p>Hass, Begierde Unwissenheit, diese drei Geistesgifte gelten als die Wurzel aller menschengemachten Katastrophen. Geruchlos, farblos, gestaltlos wabern sie durch die Hirne der Menschheit. Kein Arbeitsgespr\u00e4ch, keine Diskussion, kein Dialog, keine Gespr\u00e4chsrunde ohne die giftigen D\u00e4mpfe aus Hass, Begierde, Unwissenheit. Doch wer sich nicht wehrt, lebt verkehrt, deshalb: <strong>Dreh die M\u00fchle!<\/strong><\/p>\n\n\n\n<p>Schon wenige leise quietschende Umdrehungen der Gebetsm\u00fchle unterbrechen den Fluss des allt\u00e4glichen Irrsinns. Nichts ist, wie es zu sein scheint, deshalb: <strong>Dreh die M\u00fchle!<\/strong><\/p>\n\n\n\n<p><strong><em>Gebrauchsanweisung<\/em><\/strong><br>Haltet die M\u00fchle zwischen Daumen und Zeigefinger der rechten oder linken Hand und versetze das hilfreiche Ger\u00e4t in sanft kreisende Bewegung. Dabei denke an nichts. Lediglich tief in deinem Inneren murmelt etwas in gleichm\u00e4\u00dfiger Hingabe an Nichts: Hass, Begierde, Unwissenheit. Gegebenenfalls* kannst du die heilige Formel leise sprechen oder laut herausbr\u00fcllen- aber immer sch\u00f6n stoisch und gleichm\u00e4\u00dfig.<br>In F\u00e4llen hartn\u00e4ckiger Intoleranz, Inkompetenz oder Klugschei\u00dferei, empfiehlt es sich zu einem gr\u00f6\u00dferen Ger\u00e4t mit h\u00f6herem Quietschfaktor zu greifen.\u00a0 \u00a0\u00a0\u00a0\u00a0<\/p>\n\n\n\n<div class=\"wp-block-image\"><figure class=\"alignleft size-large is-resized\"><img loading=\"lazy\" src=\"https:\/\/xn--jrg-werner-ecb.com\/wp-content\/uploads\/2020\/06\/lama-erleuchtung-1-744x1024.jpg\" alt=\"\" class=\"wp-image-329\" width=\"245\" height=\"337\"\/><\/figure><\/div>\n\n\n\n<p><strong><em>Warnhinweis<\/em><\/strong><br>Im Falle von Massenhysterie, Wahlkampfveranstaltungen oder K\u00fcnstlerzusammenrottungen versagt die M\u00fchle. Ebenso bei der Konfrontationen mit hartn\u00e4ckigen Bl\u00f6dm\u00e4nnern. Hier empfiehlt sich eher eine 45\u2019er Magnum mit Double-Action Abzug, sowie ein exzellenter Rechtsbeistand.<\/p>\n\n\n\n<p class=\"has-text-align-right\">*Gegebenenfalls hei\u00dft: wenn der Fall gegeben ist.<\/p>\n\n\n\n<p style=\"font-size:20px\"><strong>Lama Yongdong r\u00e4t: \u201eDreh die M\u00fchle!\u201c seine Abenteuer in der SF-Trilogie<\/strong> <\/p>\n\n\n\n<p style=\"font-size:30px\" class=\"has-text-align-center\"><strong><a href=\"https:\/\/xn--jrg-werner-ecb.com\/index.php\/goetzendaemmerung-i-terra-narra\/\">G\u00f6tzend\u00e4mmerung<\/a><\/strong><\/p>\n\n\n\n<p style=\"font-size:20px\"><strong>++Hass, Begierde, Unwissenheit++Hass, Begierde, Unwissenheit++Hass, Begierde, Unwissenheit++Hass, Begierde, Unwissenheit++Hass, Begierde, Unwissenheit++<\/strong> <strong>Hass, Begierde, Unwissenheit\u2026<\/strong>&nbsp;&nbsp;&nbsp;&nbsp;&nbsp; &nbsp;&nbsp;&nbsp;&nbsp;&nbsp;<\/p>\n","protected":false},"excerpt":{"rendered":"<p>++Hass, Begierde, Unwissenheit++Hass, Begierde, Unwissenheit++Hass, Begierde, Unwissenheit++Hass, Begierde, Unwissenheit++Hass, Begierde, Unwissenheit++ Beipackzettel f\u00fcr Kleine Gebetsm\u00fchle Modell \u201eLama Yongdong\u201c &#8211; einfache<a href=\"https:\/\/xn--jrg-werner-ecb.com\/index.php\/lama-yongdongs-gebetsmuehle\/\" class=\"more-link\"><span class=\"readmore\">Continue reading<span class=\"screen-reader-text\">Lama Yongdongs Gebetsm\u00fchle<\/span><\/span><\/a><\/p>\n","protected":false},"author":1,"featured_media":0,"parent":0,"menu_order":0,"comment_status":"closed","ping_status":"closed","template":"","meta":{"_links_to":"","_links_to_target":""},"_links":{"self":[{"href":"https:\/\/xn--jrg-werner-ecb.com\/index.php\/wp-json\/wp\/v2\/pages\/323"}],"collection":[{"href":"https:\/\/xn--jrg-werner-ecb.com\/index.php\/wp-json\/wp\/v2\/pages"}],"about":[{"href":"https:\/\/xn--jrg-werner-ecb.com\/index.php\/wp-json\/wp\/v2\/types\/page"}],"author":[{"embeddable":true,"href":"https:\/\/xn--jrg-werner-ecb.com\/index.php\/wp-json\/wp\/v2\/users\/1"}],"replies":[{"embeddable":true,"href":"https:\/\/xn--jrg-werner-ecb.com\/index.php\/wp-json\/wp\/v2\/comments?post=323"}],"version-history":[{"count":2,"href":"https:\/\/xn--jrg-werner-ecb.com\/index.php\/wp-json\/wp\/v2\/pages\/323\/revisions"}],"predecessor-version":[{"id":330,"href":"https:\/\/xn--jrg-werner-ecb.com\/index.php\/wp-json\/wp\/v2\/pages\/323\/revisions\/330"}],"wp:attachment":[{"href":"https:\/\/xn--jrg-werner-ecb.com\/index.php\/wp-json\/wp\/v2\/media?parent=323"}],"curies":[{"name":"wp","href":"https:\/\/api.w.org\/{rel}","templated":true}]}}