{"id":318,"date":"2020-06-14T18:15:09","date_gmt":"2020-06-14T16:15:09","guid":{"rendered":"http:\/\/xn--jrg-werner-ecb.com\/?page_id=318"},"modified":"2020-10-19T20:19:19","modified_gmt":"2020-10-19T18:19:19","slug":"susi-schleicher-interviewt-lama-yongdong","status":"publish","type":"page","link":"https:\/\/xn--jrg-werner-ecb.com\/index.php\/susi-schleicher-interviewt-lama-yongdong\/","title":{"rendered":"Sensation: Susi Schleicher interviewt Lama Yongdong"},"content":{"rendered":"\n<div class=\"wp-block-image\"><figure class=\"alignleft size-large is-resized\"><img loading=\"lazy\" src=\"https:\/\/xn--jrg-werner-ecb.com\/wp-content\/uploads\/2020\/10\/001_ram.jpg\" alt=\"\" class=\"wp-image-458\" width=\"175\" height=\"221\" srcset=\"https:\/\/xn--jrg-werner-ecb.com\/wp-content\/uploads\/2020\/10\/001_ram.jpg 375w, https:\/\/xn--jrg-werner-ecb.com\/wp-content\/uploads\/2020\/10\/001_ram-238x300.jpg 238w\" sizes=\"(max-width: 175px) 100vw, 175px\" \/><\/figure><\/div>\n\n\n\n<div class=\"wp-block-image\"><figure class=\"alignleft size-large is-resized\"><img loading=\"lazy\" src=\"https:\/\/xn--jrg-werner-ecb.com\/wp-content\/uploads\/2020\/10\/003_lo-tse.jpg\" alt=\"\" class=\"wp-image-457\" width=\"202\" height=\"224\" srcset=\"https:\/\/xn--jrg-werner-ecb.com\/wp-content\/uploads\/2020\/10\/003_lo-tse.jpg 377w, https:\/\/xn--jrg-werner-ecb.com\/wp-content\/uploads\/2020\/10\/003_lo-tse-270x300.jpg 270w\" sizes=\"(max-width: 202px) 100vw, 202px\" \/><\/figure><\/div>\n\n\n\n<p>Lama Yongdong gilt als einer der letzten geheimnisvollen kosmischen Meister alter Schule. Dar\u00fcber hinaus f\u00fchrt er als Vertriebsdirektor die &#8211; angeblich in die ganze Milchstra\u00dfe expandierende &#8211; Yak-Tee-Gesellschaft. Eine unerwartete Begegnung zwischen der Journalistin Susi Schleicher und Lama Yongdong auf dem Rhein-Main-Flughafen Frankfurt ergab die einmalige M\u00f6glichkeit f\u00fcr ein Interview.<\/p>\n\n\n\n<p>Eine Gelegenheit, sich der Person hinter dem Mythos anzun\u00e4hern.<\/p>\n\n\n\n<p>Die Kernfrage lautete also: Wer oder was ist Lama Yongdong?<\/p>\n\n\n\n<p>Hier die autorisierte, ungek\u00fcrzte Fassung des Interviews. &nbsp;<\/p>\n\n\n\n<p><em>Lama Yongdong<\/em>: Verflixt, haben Sie mich erschreckt. M\u00fcssen Sie sich so anschleichen?<\/p>\n\n\n\n<p><em>Susi Schleicher<\/em>: Verzeihung, eine alte, famili\u00e4r bedingte Deformation. Lama Yongdong, richtig?<\/p>\n\n\n\n<p><em>Lama Yongdong<\/em>: Ja, und Sie sind?<\/p>\n\n\n\n<p><em>Susi Schleicher<\/em>: Susi Schleicher, ich schreibe.<\/p>\n\n\n\n<p><em>Lama Yongdong:<\/em> Und was? Heute schreibt jeder, der Fluch von Internet, Schamlosigkeit und Alphabetisierung. Wird nur vom Fotografieren \u00fcbertroffen, vorzugsweise von Mahlzeiten.<\/p>\n\n\n\n<p><em>Susi Schleicher<\/em>: Ich schreibe \u00fcber das Universum und seine Unzul\u00e4nglichkeit, alte M\u00e4nner, Aliens und Golf. Die Aliens sind mir am liebsten.<\/p>\n\n\n\n<p><em>Lama Yongdong<\/em>: Das trifft sich gut. Da wird es Sie interessieren, dass ich gerade vom <em>Kleinen Murks <\/em>komme, einem Mond, der um den Planeten <em>Pandora <\/em>kreist. Ein Mond \u00fcbrigens, der so aussieht, wie er hei\u00dft. Wird von sogenannten Monty Pythons bewohnt, rationale Humanoiden mit einem Hang zur Anarchie. Veranstalten jede Dekade eine Bl\u00f6dm\u00e4nnerolympiade. Ein sportliches Gro\u00dfereignis. Sie haben eine eigene Liga daf\u00fcr. Sollte man bei uns auch einf\u00fchren, Sportler w\u00e4ren reichlich vorhanden.<\/p>\n\n\n\n<p><em>Susi Schleicher<\/em>: Wollen Sie damit allen Ernstes behaupten, dass Sie dort drau\u00dfen zwischen den Sternen im All waren?<\/p>\n\n\n\n<p><em>Lama Yongdong<\/em>: Auf <em>Murks<\/em>, sicher, wo sollte ich sonst gewesen sein? In einem Club M\u00e9diterran\u00e9e? Solche \u00d6rtlichkeiten verabscheue ich ebenso wie Vernissagen, da ist mir eine Bl\u00f6dm\u00e4nnerolympiade im All deutlich lieber. Hat weitaus mehr Esprit.<\/p>\n\n\n\n<p><em>Susi Schleicher<\/em>: Haben Sie vielleicht einen Beweis f\u00fcr Ihre Raumreise, ein paar Fotos oder ein Alien zum Beispiel?<\/p>\n\n\n\n<p><em>Lama Yongdong<\/em>: Klar, hab ich. Sehen Sie mal hier, in meiner Reisetasche.<\/p>\n\n\n\n<p><em>Susi Schleicher<\/em>: Das ist ein toter Papagei, auf eine Stange genagelt.<\/p>\n\n\n\n<p><em>Lama Yongdong<\/em>: Das ist ein Papadoppolusweibchen* kurz vor der Brunft, das eine Fahnenstange h\u00e4lt. Die Fahne musste ich zur\u00fccklassen, die war voller Motten. Das Tier auf der Stange meditiert.<\/p>\n\n\n\n<p><em>Susi Schleicher<\/em>: Wechseln wir das Thema. Sie werden Lama genannt? Bisher habe ich Lamas immer f\u00fcr heilige M\u00e4nner gehalten oder f\u00fcr eine Art Hochgebirgskamele aus den Anden, die Lasten schleppen und gelegentlich rumspucken. Warum auch immer?<\/p>\n\n\n\n<p><em>Lama Yongdong<\/em>: Unsicherheit.<\/p>\n\n\n\n<p><em>Susi Schleicher<\/em>: Ich verstehe nicht?<\/p>\n\n\n\n<p><em>Lama Yongdong<\/em>: Die Lamas, die Tiere meine ich, spucken aus Unsicherheit wie Mitglieder von Jugendbanden, chinesische Zocker oder Aktionsk\u00fcnstler. Sehen Sie sich doch mal hier in der Abflughalle um, was sehen Sie?<\/p>\n\n\n\n<p><em>Susi Schleicher<\/em>: Hektik, nerv\u00f6se Gesch\u00e4ftigkeit, eine gewisse Ungeduld, eine Art Vibrieren der Menge, so etwas wie ein Herdentrieb in Richtung Gattertore, wenn ich das mal so sagen darf.<\/p>\n\n\n\n<p><em>Lama Yongdong<\/em>: Eben, und keiner spuckt. Was schlie\u00dfen Sie daraus?<\/p>\n\n\n\n<p><em>Susi Schleicher<\/em>: H\u00e4? Keine Aktionsk\u00fcnstler oder \u00e4hnliche Leute hier?<\/p>\n\n\n\n<p><em>Lama Yongdong<\/em>: Richtig. Aber zur\u00fcck zum Wesentlichen, Frau Schleicher. Die Bezeichnung Lama bedeutet w\u00f6rtlich: \u201egewichtig durch Qualit\u00e4ten\u201c. Der Titel verlangt hohe spirituelle Qualit\u00e4ten, die F\u00e4higkeit, andere auf dem Weg des spirituellen Lebens zu leiten. In meiner Heimat muss man sich des Titels \u201eLama\u201c w\u00fcrdig erweisen, indem man \u00fcber Jahrzehnte hinweg seine Qualit\u00e4ten unter Beweis stellt, bis man von seinen Mitmenschen als <em>Rinpoche<\/em> erkannt wird. Lama ist also ein Ehrentitel in meiner Heimat Tibet f\u00fcr einen Meister oder spirituellen F\u00fchrer, oft f\u00fcr einen buddhistischen Lehrer oder Hohen Priester. Die Anrede <em>Rinpoche <\/em>bedeutet kostbar, weil da ein Meister die Zw\u00e4nge der Wiedergeburt \u00fcberwunden hat und doch wiederkehrt, um uns zu zeigen, wie wir selbst diese Meisterschaft erlangen k\u00f6nnen.<\/p>\n\n\n\n<p>Ich bin nichts dergleichen.<\/p>\n\n\n\n<p>Mir wurde der Titel von Freunden und Weggef\u00e4hrten aufgrund einiger gemeinsam \u00fcberstandener kosmischer Abenteuer verliehen. Ich bin gewisserma\u00dfen ein falscher Lama im richtigen Leben.<\/p>\n\n\n\n<p><em>Susi Schleicher<\/em>: Ein Scharlatan also?<\/p>\n\n\n\n<p><em>Lama Yongdong<\/em>: Vorsicht mit falschen Zuweisungen, Frau Schleicher. Scharlatane sind eine sehr empfindliche Spezies im Universum. Sie erkennen sie an ihren spitzen gelben H\u00fcten und an ihrem unersch\u00fctterlichen Glauben an sich selbst. Gef\u00e4hrliche Leute, sofern man von Leuten sprechen will. Sind im Supersternhaufen R136 der kleinen Magellanschen Wolke zu Hause und haben sich von dort in jeden Winkel der Milchstra\u00dfe ausgebreitet. Die m\u00f6gen uns Lamas nicht besonders. Wir hatten einige schwerwiegende Differenzen \u00fcber die Beschaffenheit der Wirklichkeit.<\/p>\n\n\n\n<p><em>Susi Schleicher<\/em>: Wollen Sie damit andeuten, dass Sie sich \u00f6fter dort drau\u00dfen zwischen den Sternen im All herumtreiben?<\/p>\n\n\n\n<p><em>Lama Yongdong<\/em>: Aber ja. Ich wei\u00df schon gar nicht mehr, wie oft ich zu den Sternen gereist bin. Immer dienstlich &#8211; gewisserma\u00dfen. Da bleibt einfach zu wenig Zeit f\u00fcr die Besichtigung der Wunder des Universums, was schade ist. Dabei gibt es dort so viel zu bestaunen, Singularit\u00e4ten aus eingefrorener Zeit, Scheibenwelten, die rotieren wie Frisbees, Zivilisationen, gegr\u00fcndet auf reiner Spekulation, G\u00f6tter ohne Botschaft, intelligentes Leben ohne Urteilskraft \u2026<\/p>\n\n\n\n<p><em>Susi Schleicher<\/em>: Was meinen &nbsp;Sie mit \u201egewisserma\u00dfen dienstlich\u201c?<\/p>\n\n\n\n<p><em>Lama Yongdong<\/em>: Oh, im Auftrag der Organisation. Da gibt es nat\u00fcrlich auch die dunkle Seite der Sternenreise, das will ich gar nicht verschweigen. Manchmal ist das gar nicht sch\u00f6n, von wegen Erhabenheit der Sterne. Da drau\u00dfen sto\u00dfen &nbsp;Sie schnell an Grenzen von Raum, Zeit, Logik und anderen Gewissheiten. Kennen &nbsp;Sie den \u201e<em>Weltraum-Psalm<\/em>\u201c von D\u00fcrrenmatt? Der Mann wusste, wovon er sprach.\u201c&nbsp;<\/p>\n\n\n\n<p><em>Susi Schleicher<\/em>: Ich kenne \u201ePeterchens Mondfahrt\u201c, alle \u201eAlien\u201c-Filme und \u201eAlice im Wunderland\u201c.<\/p>\n\n\n\n<p><em>Lama Yongdong rezitiert<\/em>:<\/p>\n\n\n\n<p>\u201e<em>Wir hauten ins Weltall ab. Zu den W\u00fcsten des Monds.<br>Lautlos verreckten manche schon da.<\/em><\/p>\n\n\n\n<p><em>Sogar auf dem Mars fra\u00df uns die Sonne,<br>Donnernd, radioaktiv und gelb. Jupiter stank<\/em><\/p>\n\n\n\n<p><em>Hing er so m\u00e4chtig \u00fcber uns,<br>Dass wir Ganymed vollkotzten.<\/em><\/p>\n\n\n\n<p><em>Saturn bedachte uns mit Fl\u00fcchen.<\/em><\/p>\n\n\n\n<p><em>Hatten wir doch l\u00e4ngst die Sonne mit Sirius verwechselt,<\/em><\/p>\n\n\n\n<p><em>L\u00e4ngst schon Mumien in unseren Schiffen<br>Verkrustet von Unrat<br>In den Fratzen kein Erinnern mehr<br>An die atmende Erde.\u201c<\/em><\/p>\n\n\n\n<p><em>Susi Schleicher<\/em>: Sehr poetisch, vielleicht ein wenig negativ, aber wir sprachen gerade \u00fcbereine Organisation, in deren Auftrag &nbsp;Sie unterwegs waren oder sind. D\u00fcrfen wir etwas mehr dar\u00fcber erfahren, ein paar Hintergrundinformationen vielleicht, den Namen und die Zielsetzung der Organisation? Sowas interessiert unsere Leser.<\/p>\n\n\n\n<p><em>Lama Yongdong<\/em>: Schreiben &nbsp;Sie f\u00fcr Verschw\u00f6rungstheoretiker?<\/p>\n\n\n\n<p><em>Susi Schleicher:<\/em> Nein, nein, wir sind eine seri\u00f6se Publikation, die Ph\u00e4nomene hinterfragt und solche Sachen.<\/p>\n\n\n\n<p><em>Lama Yongdong<\/em>: Welche Sachen zum Beispiel?<\/p>\n\n\n\n<p><em>Susi Schleicher<\/em>: Die Wirklichkeit. Wir fragen uns oft, wie wirklich ist die Wirklichkeit?<\/p>\n\n\n\n<p><em>Lama Yongdong<\/em>: Und das machen Sie wie?<\/p>\n\n\n\n<p><em>Susi Schleicher: <\/em>Wir fragen uns zum Beispiel: Was sind alternative Fakten? &nbsp;&nbsp;<\/p>\n\n\n\n<p><em>Lama Yongdong<\/em>: Coca Cola.<\/p>\n\n\n\n<p><em>Susi Schleicher<\/em>: Was?<\/p>\n\n\n\n<p><em>Lama Yongdong<\/em>: Ich habe k\u00fcrzlich in dem Bordmagazin eines Raumfrachtschiffes der galaktischen Postunion gelesen: <em>Coca Cola ist die Milch der freien Welt<\/em>. Tr\u00e4fe das zu, w\u00e4re das ein alternativer Fakt.<\/p>\n\n\n\n<p><em>Susi Schleicher (verwirrt):<\/em> Zur\u00fcck zur urspr\u00fcnglichen Frage: Wie hei\u00dft Ihre Organisation? &nbsp;&nbsp;<\/p>\n\n\n\n<p><em>Lama Yongdong<\/em>: <em>Knall<\/em><\/p>\n\n\n\n<p><em>Susi Schleicher<\/em>: Was?<\/p>\n\n\n\n<p><em>Lama Yongdong<\/em>: Der Name der Organisation ist <em>Knall.<\/em><\/p>\n\n\n\n<p><em>Susi Schleicher<\/em>: Sie meinen, wie Peng oder Krawumm?<\/p>\n\n\n\n<p><em>Lama Yongdong<\/em>: Krawumm gef\u00e4llt mir, aber mal ernsthaft.<\/p>\n\n\n\n<p>Die Abk\u00fcrzung <em>Knall<\/em> steht f\u00fcr <em>\u201eKosmisches Netzwerk alter lakonischer Lamas\u201c.<\/em><\/p>\n\n\n\n<p>Und apropos Wirklichkeit: Wir sind diejenigen, die die Wirklichkeiten zusammenhalten beziehungsweise reparieren, wenn mal wieder ein paar kosmische St\u00fcmper an der Realit\u00e4t herumgepfuscht haben und irgendwo die Zeit in Schleifen l\u00e4uft oder eine durchgeknallte Gottheit endlos geklont wird und sich dabei f\u00fcr einmalig h\u00e4lt. So etwas passiert st\u00e4ndig.<\/p>\n\n\n\n<p>Am gef\u00e4hrlichsten und anstrengendsten sind allerdings Verschw\u00f6rungstheoretiker, die bringen jede Wirklichkeit so gr\u00fcndlich durcheinander, dass hinterher kein intelligentes Leben mehr wei\u00df, ob der eigene Planet nicht pure Einbildung ist oder Coca Cola schwarze Milch.<\/p>\n\n\n\n<p><em>Susi Schleicher<\/em>: Sie halten die Spinner mit dem Aluhut, welche die Erde f\u00fcr flach halten, einen Virus wegbeten, Reichsflugscheiben f\u00fcr die L\u00f6sung der Verkehrsprobleme halten und den B\u00fcrgerkrieg in Hawaiihemden plus Schnellfeuergewehren anstreben oder Reptiloiden in Wirtsk\u00f6rpern unterstellen, ernsthaft f\u00fcr eine Gefahr? &nbsp;&nbsp;&nbsp;<\/p>\n\n\n\n<p><em>Lama Yongdong<\/em>: Ja, denn so ein Aluhut sch\u00fctzt vor allen Dingen davor, selber zu denken.<\/p>\n\n\n\n<p>Verschw\u00f6rungstheorien zersetzen den gesunden Menschenverstand nachhaltiger und zuverl\u00e4ssiger als die meisten Drogen. Obwohl, Verschw\u00f6rungstheorie plus Droge, nat\u00fcrlich ein Optimum an Wahnwitz garantiert.&nbsp; Was folgt, ist der kollektive Tiefschlaf der Vernunft. Jede kosmische Zivilisation beruht auf Wissenschaft, wie eine &#8211; meinetwegen &#8211; Dampfmaschine. Da geht es um Struktur, Netzwerke, Kreisl\u00e4ufe, Anordnungen, Schaltungen, Druckbeh\u00e4lter, Sicherheitsventile. Wenn dann ein paar Knallchargen die Sicherheitsventile weglassen und den Druck erh\u00f6hen, weil sie zu glauben wissen, dass die Maschine nur so funktioniert, gibt das einen wundersch\u00f6nen Knall. Sollten die Spinner G\u00f6tter sein, sogar einen Urknall.<\/p>\n\n\n\n<p>Das Ergebnis einer konsequent umgesetzten oder instrumentalisierten Verschw\u00f6rungstheorie ist Chaos oder Krieg. &nbsp;<\/p>\n\n\n\n<p><em>Susi Schleicher<\/em>: Wenn der 45. Pr\u00e4sident der USA nun aber ein Reptiloid w\u00e4re? &nbsp;<\/p>\n\n\n\n<p><em>Lama Yongdong<\/em>: Sie meinen wegen der gespaltenen Zunge?<\/p>\n\n\n\n<p><em>Susi Schleicher<\/em>: Auch.<\/p>\n\n\n\n<p><em>Lama Yongdong<\/em>: Nun, dann h\u00e4tten die Reptiloiden ein Problem.<\/p>\n\n\n\n<p><em>Susi Schleicher<\/em>: Warum?<\/p>\n\n\n\n<p><em>Lama Yongdong<\/em>: Weil dann die Echsen einen kompletten Idioten zum m\u00e4chtigsten Wesen des Planeten gemacht h\u00e4tten. So bl\u00f6d kann nur der Mensch sein. Ergo, der Pr\u00e4sident ist echt.<\/p>\n\n\n\n<p><em>Susi Schleicher:<\/em> Gutes Argument. Aber wie genau reparieren &nbsp;Sie die Wirklichkeit?<\/p>\n\n\n\n<p><em>Lama Yongdong<\/em>: Auf vielf\u00e4ltige Weise. Bevorzugt durch Aufkl\u00e4rung, Einflussnahme, Informationsverbreitung, Netzwerkarbeit und spirituelle Wahrnehmungssteuerung.<\/p>\n\n\n\n<p><em>Susi Schleicher:<\/em> Aha, h\u00f6rt sich f\u00fcr mich nach klassischer Manipulation an, wie in Politik, \u00d6konomie und Werbung \u00fcblich, oder wie muss ich mir so eine spirituelle Wahrnehmungssteuerung vorstellen? Vielleicht k\u00f6nnen &nbsp;Sie unseren Lesern mal ein Beispiel geben.<\/p>\n\n\n\n<p><em>Lama Yongdong<\/em>: Stellen &nbsp;Sie sich gar nichts vor. Fegen &nbsp;Sie die Insel Ihrer Wahrnehmung leer. Das Ziel von <em>Knall <\/em>ist, das eigenst\u00e4ndige Denken zu f\u00f6rdern. Und kaum etwas ist schwieriger zu erreichen als das selbst Denken, das ist ein verfluchtes Ideal.<\/p>\n\n\n\n<p><em>Susi Schleicher:<\/em> Ich denke selbst!<\/p>\n\n\n\n<p><em>Lama Yongdong<\/em>: Was?<\/p>\n\n\n\n<p><em>Susi Schleicher<\/em>: Na, zum Beispiel, dass &nbsp;Sie mir ausweichen und Unsinn erz\u00e4hlen.<\/p>\n\n\n\n<p><em>Lama Yongdong<\/em>: Aber nein. Hier ein Beispiel: Wie \u00a0Sie sicher wissen, bin ich unter anderem Gesch\u00e4ftsf\u00fchrer und Vorstandsvorsitzender der <em>Galaktischen-Yak-Tee-Gesellschaft<\/em>. Wir haben es uns zur Aufgabe gemacht, dieses k\u00f6stliche Getr\u00e4nk mit seinem leicht ranzigen Butteraroma im ganzen Universum zu vermarkten. Der Genuss sch\u00e4rft den Verstand und verwirrt den Geschmack. Wenn \u00a0Sie den Tee gut abgedeckt ziehen lassen und dann z\u00fcgig trinken, entweicht das Aroma der Sternenkonstellationsenergie** nicht, und Ihr Geist ist hellwach und leer. Und genau jetzt m\u00fcssen \u00a0Sie den Sinnspruch lesen, den wir zu jedem Yak-Tee reichen.<\/p>\n\n\n\n<p><em>Susi Schleicher<\/em>: Ich verstehe nicht, was das mit dem Steuern der Wahrnehmung zu tun hat?<\/p>\n\n\n\n<div class=\"wp-block-image\"><figure class=\"alignright size-large is-resized\"><img loading=\"lazy\" src=\"https:\/\/xn--jrg-werner-ecb.com\/wp-content\/uploads\/2020\/06\/lamaWantYoutxt-586x1024.jpg\" alt=\"\" class=\"wp-image-319\" width=\"191\" height=\"334\"\/><\/figure><\/div>\n\n\n\n<p><em>Lama Yongdong<\/em>: Nun, in einem kurzen Augenblick des konzentrierten Yak-Tee Genusses sind Ihre Sinne durcheinander und Ihr Verstand glasklar und offen. In genau diesem Moment lesen &nbsp;Sie eine Botschaft, die sich im Idealfall festsetzt wie ein Samenkorn und zur Frucht heranreift, bis sie irgendwann platzt und neue Samen der Erkenntnis streut.<\/p>\n\n\n\n<p><em>Susi Schleicher<\/em>: Wie lauten denn solche Sinnspr\u00fcche, k\u00f6nnen &nbsp;Sie ein paar verraten, oder muss man dazu Yak-Tee trinken oder kaufen?<\/p>\n\n\n\n<p><em>Lama Yongdong<\/em>: Aber nein, ich gebe Ihnen gerne drei Beispiele:<\/p>\n\n\n\n<p><em>Die Unendlichkeit ist dort zu Ende wo sie anf\u00e4ngt.<\/em><\/p>\n\n\n\n<p><em>Zuhause ist kein Ort, sondern ein Zustand.<\/em><\/p>\n\n\n\n<p><em>Erleuchtung ist auch nur Licht an.<\/em><\/p>\n\n\n\n<p><em>Susi Schleicher:<\/em> Toll. Und haben &nbsp;Sie auch einen Lieblingsspruch f\u00fcr unsere Leser?<\/p>\n\n\n\n<p><em>Lama Yongdong<\/em>: Gerne: <em>Das Universum ist komplett wahnsinnig<\/em>.<\/p>\n\n\n\n<p>Tr\u00f6stlich, nicht? Die Erkenntnis stammt von einem Comic-Guru namens <em>Mister Naturel<\/em>, Experte f\u00fcr Mind, Body &amp; Spirit, und einer Wunderdroge unbekannter Mixtur, die sich sp\u00e4ter als Weihwasser herausgestellt hat, ebenfalls ein gesch\u00e4tzter Kollege und Mitarbeiter von <em>Knall.<\/em><\/p>\n\n\n\n<p><em>Susi Schleicher<\/em>: F\u00fcr\u00a0Sie vielleicht. Welcher religi\u00f6sen Tradition entstammen \u00a0Sie eigentlich? Allm\u00e4hlich kommen mir Zweifel an ihrer Zurechnungsf\u00e4higkeit.<\/p>\n\n\n\n<p><em>Lama Yongdong:<\/em> Das spricht nur daf\u00fcr, dass &nbsp;Sie schon in ganz erheblichen Ma\u00dfen selbst denken. Aber zu Ihrer Frage: Ich bin der Tradition der uralten N\u00f6-Religion verpflichtet. <em>N\u00f6: Nichts ist, wie es zu sein scheint, und das anders.<\/em><\/p>\n\n\n\n<p><em>Susi Schleicher<\/em>: Schweben &nbsp;Sie deswegen st\u00e4ndig ein paar Zentimeter \u00fcber Normal oder scheinen zu schweben, um zu beweisen, dass nichts so ist wie es scheint?<\/p>\n\n\n\n<p><em>Lama Yongdong: <\/em>Ich schwebe, beziehungsweise scheine zu schweben, weil ich es kann. Grundlos, absichtslos, losgel\u00f6st. Ich schwebe, also bin ich. &nbsp;<\/p>\n\n\n\n<p><em>Susi Schleicher<\/em>: Wissen &nbsp;Sie was? In Ihrem Kopf muss die Wirklichkeit ganz sch\u00f6n durcheinandergewirbelt sein, von wegen Raumreisen, Verschw\u00f6rungen, Geheimorganisationen, magischen Teespr\u00fcchen und dergleichen Unsinn mehr. Im besten Fall haben &nbsp;Sie eine bl\u00fchende Fantasie, im Schlimmsten sind &nbsp;Sie irre.<\/p>\n\n\n\n<p><em>Lama Yongdong (lacht)<\/em>: Ich tippe mal auf bl\u00fchende Fantasie. &nbsp;<\/p>\n\n\n\n<p>\u00dcbrigens m\u00f6chte ich Ihnen noch eine kleine Anekdote mit auf den Weg geben.<\/p>\n\n\n\n<p><em>Susi Schleicher<\/em>: Hoffentlich mal was Reales. &nbsp;<\/p>\n\n\n\n<p><em>Lama Yongdong: <\/em>Wussten Sie, dass 1958 der damalige Bundeskanzler Adenauer von Frankreichs General De Gaulle in dessen privaten Wohnsitz <em>Colombey<\/em>&#8211;<em>les<\/em>&#8211;<em>deux<\/em>&#8211;<em>\u00e9glises<\/em> eingeladen war? Nach zwei Weltkriegen ein Zeichen der Vers\u00f6hnung. Dort wurde bei intensiven Gespr\u00e4chen der Grundstein f\u00fcr die deutsch-franz\u00f6sische Freundschaft gelegt. Eine wahre Herkulesaufgabe. Nach zwei Tagen intensiver Gespr\u00e4che verabschiedete der General den Kanzler sinngem\u00e4\u00df mit den Worten: <em>Herr Bundeskanzler, &nbsp;Sie halten die Wirklichkeit f\u00fcr wirklich. Ich habe da meine tiefen Zweifel. &nbsp;&nbsp;<\/em><\/p>\n\n\n\n<p>Dem ist nichts hinzuzuf\u00fcgen.<\/p>\n\n\n\n<p><em>Durchsage:<\/em> Passagiere gebucht mit Anschluss zum Raumflug nach <em>Beteigeuze<\/em>, <em>Pandora<\/em>, den Monden <em>kleiner, gro\u00dfer<\/em> und <em>gewaltiger Murks,<\/em> begeben sich bitte zum Abflugbereich D17. Passagiere gebucht nach <em>Beteigeuze, Pandora, <\/em>den Monden\u2026<\/p>\n\n\n\n<p><em>Lama Yongdong<\/em>: Frau Schleicher, ich muss mich jetzt leider verabschieden. Es war mir ein Vergn\u00fcgen, Ihnen und Ihren Lesern einen kleinen Einblick zu geben, wie das Universum tickt. N\u00e4mlich Tick, Tack, Tick, Tack und manchmal auch Trick, Tick und Tack. Aber machen &nbsp;Sie sich doch selbst ein Bild und lesen die <em>G\u00f6tzend\u00e4mmerung<\/em> von J\u00f6rg Werner. Und seien &nbsp;Sie immer auf der Hut vor falscher Erleuchtung. Auf Wiedersehen.<\/p>\n\n\n\n<p><em>Susi Schleicher<\/em>: Auf Wiedersehen, <em>Rinpoche, <\/em>und guten Flug zu den Sternen.<\/p>\n\n\n\n<p>*Papadoppoluse: Eine Runde, dreimal bowlingkugelgro\u00dfe Art von Flugente. Stammt von einem der \u00e4u\u00dferen Herbridenplaneten. Die Tiere destillieren Feuerwasser und die Weibchen neigen beim Eierlegen unter Schock zur Explosion. Das Fleisch schmeckt \u00f6lig und ist unter <em>Belligatoren <\/em>sehr begehrt. Die Jagd auf Papadoppoluse \u00a0gilt in der Milchstra\u00dfe als anspruchsvoll und gef\u00e4hrlich. \u00a0<\/p>\n\n\n\n<p>** Sternenkonstellationsenergie: Die Energie der Sterne, freigesetzt und eingefangen w\u00e4hrend deren unterschiedlichen Konstellationen. Die Wirkung gilt als umstritten. (Frei nach Friedrich, Schenk von Scharlatan, Weltraumreisender.) &nbsp;&nbsp;<\/p>\n\n\n\n<figure class=\"wp-block-image size-large is-resized\"><img loading=\"lazy\" src=\"https:\/\/xn--jrg-werner-ecb.com\/wp-content\/uploads\/2020\/10\/GD-1024x518.jpg\" alt=\"\" class=\"wp-image-461\" width=\"768\" height=\"389\" srcset=\"https:\/\/xn--jrg-werner-ecb.com\/wp-content\/uploads\/2020\/10\/GD-1024x518.jpg 1024w, https:\/\/xn--jrg-werner-ecb.com\/wp-content\/uploads\/2020\/10\/GD-300x152.jpg 300w, https:\/\/xn--jrg-werner-ecb.com\/wp-content\/uploads\/2020\/10\/GD-768x388.jpg 768w, https:\/\/xn--jrg-werner-ecb.com\/wp-content\/uploads\/2020\/10\/GD.jpg 1393w\" sizes=\"(max-width: 768px) 100vw, 768px\" \/><\/figure>\n","protected":false},"excerpt":{"rendered":"<p>Lama Yongdong gilt als einer der letzten geheimnisvollen kosmischen Meister alter Schule. Dar\u00fcber hinaus f\u00fchrt er als Vertriebsdirektor die &#8211;<a href=\"https:\/\/xn--jrg-werner-ecb.com\/index.php\/susi-schleicher-interviewt-lama-yongdong\/\" class=\"more-link\"><span class=\"readmore\">Continue reading<span class=\"screen-reader-text\">Sensation: Susi Schleicher interviewt Lama Yongdong<\/span><\/span><\/a><\/p>\n","protected":false},"author":1,"featured_media":0,"parent":0,"menu_order":0,"comment_status":"closed","ping_status":"closed","template":"","meta":{"_links_to":"","_links_to_target":""},"_links":{"self":[{"href":"https:\/\/xn--jrg-werner-ecb.com\/index.php\/wp-json\/wp\/v2\/pages\/318"}],"collection":[{"href":"https:\/\/xn--jrg-werner-ecb.com\/index.php\/wp-json\/wp\/v2\/pages"}],"about":[{"href":"https:\/\/xn--jrg-werner-ecb.com\/index.php\/wp-json\/wp\/v2\/types\/page"}],"author":[{"embeddable":true,"href":"https:\/\/xn--jrg-werner-ecb.com\/index.php\/wp-json\/wp\/v2\/users\/1"}],"replies":[{"embeddable":true,"href":"https:\/\/xn--jrg-werner-ecb.com\/index.php\/wp-json\/wp\/v2\/comments?post=318"}],"version-history":[{"count":6,"href":"https:\/\/xn--jrg-werner-ecb.com\/index.php\/wp-json\/wp\/v2\/pages\/318\/revisions"}],"predecessor-version":[{"id":462,"href":"https:\/\/xn--jrg-werner-ecb.com\/index.php\/wp-json\/wp\/v2\/pages\/318\/revisions\/462"}],"wp:attachment":[{"href":"https:\/\/xn--jrg-werner-ecb.com\/index.php\/wp-json\/wp\/v2\/media?parent=318"}],"curies":[{"name":"wp","href":"https:\/\/api.w.org\/{rel}","templated":true}]}}