{"id":302,"date":"2020-06-14T17:59:18","date_gmt":"2020-06-14T15:59:18","guid":{"rendered":"http:\/\/xn--jrg-werner-ecb.com\/?page_id=302"},"modified":"2020-10-24T13:25:22","modified_gmt":"2020-10-24T11:25:22","slug":"lama-yongdong","status":"publish","type":"page","link":"https:\/\/xn--jrg-werner-ecb.com\/index.php\/lama-yongdong\/","title":{"rendered":"Lama Yongdong"},"content":{"rendered":"\n<div class=\"wp-block-image\"><figure class=\"alignright size-medium is-resized\"><img loading=\"lazy\" src=\"https:\/\/xn--jrg-werner-ecb.com\/wp-content\/uploads\/2020\/06\/lama140x-218x300.jpg\" alt=\"\" class=\"wp-image-305\" width=\"180\" height=\"248\" srcset=\"https:\/\/xn--jrg-werner-ecb.com\/wp-content\/uploads\/2020\/06\/lama140x-218x300.jpg 218w, https:\/\/xn--jrg-werner-ecb.com\/wp-content\/uploads\/2020\/06\/lama140x-744x1024.jpg 744w, https:\/\/xn--jrg-werner-ecb.com\/wp-content\/uploads\/2020\/06\/lama140x-768x1057.jpg 768w, https:\/\/xn--jrg-werner-ecb.com\/wp-content\/uploads\/2020\/06\/lama140x.jpg 858w\" sizes=\"(max-width: 180px) 100vw, 180px\" \/><\/figure><\/div>\n\n\n\n<p style=\"font-size:24px\"><strong><span class=\"has-inline-color has-black-color\"><a href=\"https:\/\/xn--jrg-werner-ecb.com\/index.php\/susi-schleicher-interviewt-lama-yongdong\/\" data-type=\"page\" data-id=\"318\">Hier klicken f\u00fcr das exklusive Interview mit Lama Yongdong<\/a><\/span><\/strong>!<\/p>\n\n\n\n<p>\u201cKeine Erleuchtung ist auch eine.\u201d<br>Lama Yongdong<\/p>\n\n\n\n<p style=\"font-size:24px\"><strong><span class=\"has-inline-color has-black-color\"><a href=\"https:\/\/xn--jrg-werner-ecb.com\/index.php\/lama-yongdongs-gebetsmuehle\/\" data-type=\"page\" data-id=\"323\">Interesse an Lama Yongdongs Gebetsm\u00fchle? Hier klicken!<span class=\"has-inline-color has-black-color\"><\/span><\/a><\/span><\/strong><\/p>\n\n\n\n<p>Lama Yongdong verr\u00e4t die Bastelanleitung f\u00fcr einen Klugschei\u00dfer: Man nehme Wissen ohne Verstand, Intelligenz ohne Humor und gebe eine ordentliche Prise Selbst\u00fcbersch\u00e4tzung dazu und fertig ist der lang haltbare Klugschei\u00dfer f\u00fcr alle Gelegenheiten.<\/p>\n\n\n\n<p style=\"font-size:24px\"><strong><span class=\"has-inline-color has-black-color\"><a href=\"https:\/\/xn--jrg-werner-ecb.com\/index.php\/goer-lie\/\" data-type=\"page\" data-id=\"378\">Hier erz\u00e4hlt Lama Yongdong die Geschichte von G\u00f6r-lie!<\/a><\/span><\/strong><\/p>\n\n\n\n<hr class=\"wp-block-separator is-style-wide\"\/>\n\n\n\n<div class=\"wp-block-media-text alignwide is-stacked-on-mobile\" style=\"grid-template-columns:46% auto\"><figure class=\"wp-block-media-text__media\"><img loading=\"lazy\" width=\"1024\" height=\"380\" src=\"http:\/\/xn--jrg-werner-ecb.com\/wp-content\/uploads\/2020\/06\/1-1024x380.jpg\" alt=\"\" class=\"wp-image-307\" srcset=\"https:\/\/xn--jrg-werner-ecb.com\/wp-content\/uploads\/2020\/06\/1-1024x380.jpg 1024w, https:\/\/xn--jrg-werner-ecb.com\/wp-content\/uploads\/2020\/06\/1-300x111.jpg 300w, https:\/\/xn--jrg-werner-ecb.com\/wp-content\/uploads\/2020\/06\/1-768x285.jpg 768w, https:\/\/xn--jrg-werner-ecb.com\/wp-content\/uploads\/2020\/06\/1-1536x570.jpg 1536w, https:\/\/xn--jrg-werner-ecb.com\/wp-content\/uploads\/2020\/06\/1.jpg 1558w\" sizes=\"(max-width: 1024px) 100vw, 1024px\" \/><\/figure><div class=\"wp-block-media-text__content\">\n<p style=\"font-size:24px\">&#8222;Vorsicht, denken schafft Realit\u00e4t.&#8220;<\/p>\n<\/div><\/div>\n\n\n\n<div class=\"wp-block-media-text alignwide has-media-on-the-right is-stacked-on-mobile\" style=\"grid-template-columns:auto 46%\"><figure class=\"wp-block-media-text__media\"><img loading=\"lazy\" width=\"1024\" height=\"380\" src=\"http:\/\/xn--jrg-werner-ecb.com\/wp-content\/uploads\/2020\/06\/2-1024x380.jpg\" alt=\"\" class=\"wp-image-308\" srcset=\"https:\/\/xn--jrg-werner-ecb.com\/wp-content\/uploads\/2020\/06\/2-1024x380.jpg 1024w, https:\/\/xn--jrg-werner-ecb.com\/wp-content\/uploads\/2020\/06\/2-300x111.jpg 300w, https:\/\/xn--jrg-werner-ecb.com\/wp-content\/uploads\/2020\/06\/2-768x285.jpg 768w, https:\/\/xn--jrg-werner-ecb.com\/wp-content\/uploads\/2020\/06\/2-1536x570.jpg 1536w, https:\/\/xn--jrg-werner-ecb.com\/wp-content\/uploads\/2020\/06\/2.jpg 1558w\" sizes=\"(max-width: 1024px) 100vw, 1024px\" \/><\/figure><div class=\"wp-block-media-text__content\">\n<p style=\"font-size:24px\">&#8222;Dilettanten Ahoi.&#8220;<\/p>\n<\/div><\/div>\n\n\n\n<div class=\"wp-block-media-text alignwide is-stacked-on-mobile\" style=\"grid-template-columns:46% auto\"><figure class=\"wp-block-media-text__media\"><img loading=\"lazy\" width=\"1024\" height=\"380\" src=\"http:\/\/xn--jrg-werner-ecb.com\/wp-content\/uploads\/2020\/06\/3-1024x380.jpg\" alt=\"\" class=\"wp-image-309\" srcset=\"https:\/\/xn--jrg-werner-ecb.com\/wp-content\/uploads\/2020\/06\/3-1024x380.jpg 1024w, https:\/\/xn--jrg-werner-ecb.com\/wp-content\/uploads\/2020\/06\/3-300x111.jpg 300w, https:\/\/xn--jrg-werner-ecb.com\/wp-content\/uploads\/2020\/06\/3-768x285.jpg 768w, https:\/\/xn--jrg-werner-ecb.com\/wp-content\/uploads\/2020\/06\/3-1536x570.jpg 1536w, https:\/\/xn--jrg-werner-ecb.com\/wp-content\/uploads\/2020\/06\/3.jpg 1558w\" sizes=\"(max-width: 1024px) 100vw, 1024px\" \/><\/figure><div class=\"wp-block-media-text__content\">\n<p style=\"font-size:24px\">&#8222;Kosmischer Dosenfisch, vermutlich.&#8220;<\/p>\n<\/div><\/div>\n\n\n\n<p><\/p>\n","protected":false},"excerpt":{"rendered":"<p>Hier klicken f\u00fcr das exklusive Interview mit Lama Yongdong! \u201cKeine Erleuchtung ist auch eine.\u201dLama Yongdong Interesse an Lama Yongdongs Gebetsm\u00fchle?<a href=\"https:\/\/xn--jrg-werner-ecb.com\/index.php\/lama-yongdong\/\" class=\"more-link\"><span class=\"readmore\">Continue reading<span class=\"screen-reader-text\">Lama Yongdong<\/span><\/span><\/a><\/p>\n","protected":false},"author":1,"featured_media":0,"parent":0,"menu_order":0,"comment_status":"closed","ping_status":"closed","template":"","meta":{"_links_to":"","_links_to_target":""},"_links":{"self":[{"href":"https:\/\/xn--jrg-werner-ecb.com\/index.php\/wp-json\/wp\/v2\/pages\/302"}],"collection":[{"href":"https:\/\/xn--jrg-werner-ecb.com\/index.php\/wp-json\/wp\/v2\/pages"}],"about":[{"href":"https:\/\/xn--jrg-werner-ecb.com\/index.php\/wp-json\/wp\/v2\/types\/page"}],"author":[{"embeddable":true,"href":"https:\/\/xn--jrg-werner-ecb.com\/index.php\/wp-json\/wp\/v2\/users\/1"}],"replies":[{"embeddable":true,"href":"https:\/\/xn--jrg-werner-ecb.com\/index.php\/wp-json\/wp\/v2\/comments?post=302"}],"version-history":[{"count":13,"href":"https:\/\/xn--jrg-werner-ecb.com\/index.php\/wp-json\/wp\/v2\/pages\/302\/revisions"}],"predecessor-version":[{"id":467,"href":"https:\/\/xn--jrg-werner-ecb.com\/index.php\/wp-json\/wp\/v2\/pages\/302\/revisions\/467"}],"wp:attachment":[{"href":"https:\/\/xn--jrg-werner-ecb.com\/index.php\/wp-json\/wp\/v2\/media?parent=302"}],"curies":[{"name":"wp","href":"https:\/\/api.w.org\/{rel}","templated":true}]}}