{"id":26,"date":"2019-09-12T18:29:51","date_gmt":"2019-09-12T16:29:51","guid":{"rendered":"http:\/\/xn--jrg-werner-ecb.com\/?page_id=26"},"modified":"2021-04-10T17:03:51","modified_gmt":"2021-04-10T15:03:51","slug":"willkommen","status":"publish","type":"page","link":"https:\/\/xn--jrg-werner-ecb.com\/","title":{"rendered":"Willkommen!"},"content":{"rendered":"\n<figure class=\"wp-block-image alignwide size-full\"><img loading=\"lazy\" width=\"850\" height=\"315\" src=\"https:\/\/xn--jrg-werner-ecb.com\/wp-content\/uploads\/2019\/11\/sonneweb15x.jpg\" alt=\"\" class=\"wp-image-49\" srcset=\"https:\/\/xn--jrg-werner-ecb.com\/wp-content\/uploads\/2019\/11\/sonneweb15x.jpg 850w, https:\/\/xn--jrg-werner-ecb.com\/wp-content\/uploads\/2019\/11\/sonneweb15x-300x111.jpg 300w, https:\/\/xn--jrg-werner-ecb.com\/wp-content\/uploads\/2019\/11\/sonneweb15x-768x285.jpg 768w\" sizes=\"(max-width: 850px) 100vw, 850px\" \/><\/figure>\n\n\n\n<p>Suchende fragen: \u201eWas ist Dadaismus im Weltall?\u201c<\/p>\n\n\n\n<p><strong><a href=\"https:\/\/xn--jrg-werner-ecb.com\/index.php\/lama-yongdong\/\">Lama Yongdong<\/a><\/strong> antwortet: \u201eWenn dort pl\u00f6tzlich das Licht angeht und eine riesige Leuchtschrift verk\u00fcndet: <em>Halleluja Dilettanten<\/em>!\u201c<\/p>\n\n\n\n<h3>Lieblingszitate<\/h3>\n\n\n\n<p>\u201eWenn die Situation irre wird, werden die Irren zu Profis.\u201c (Hunter S. Thompson, Schriftsteller)<\/p>\n\n\n\n<p>\u201eIch mag keinen Realismus. Was ich will, ist &#8211; Magie! Deshalb stell ich die Dinge anders dar, als sie sind.\u201c (Blanche Du Bois, Romantikerin)<\/p>\n\n\n\n<p>\u201eIch l\u00fcge so, dass meine Zunge schwarz wird, h\u00f6rst du das nicht?\u201c (Pippi Langstrumpf, Frechdachs)<\/p>\n\n\n\n<p>\u201eWas Dada ist, wissen nicht einmal die Dadaisten. Das wei\u00df nur der Oberdada und der sagt&#8217;s niemandem.\u201c (Johannes Baader, Weltdada)<\/p>\n\n\n\n<h3>\u00dcber das Schreiben<\/h3>\n\n\n\n<div class=\"wp-block-image\"><figure class=\"alignright size-large is-resized\"><img loading=\"lazy\" src=\"http:\/\/xn--jrg-werner-ecb.com\/wp-content\/uploads\/2019\/11\/71e8prkQ69L._US230_.jpg\" alt=\"\" class=\"wp-image-60\" width=\"278\" height=\"278\" srcset=\"https:\/\/xn--jrg-werner-ecb.com\/wp-content\/uploads\/2019\/11\/71e8prkQ69L._US230_.jpg 230w, https:\/\/xn--jrg-werner-ecb.com\/wp-content\/uploads\/2019\/11\/71e8prkQ69L._US230_-150x150.jpg 150w, https:\/\/xn--jrg-werner-ecb.com\/wp-content\/uploads\/2019\/11\/71e8prkQ69L._US230_-180x180.jpg 180w\" sizes=\"(max-width: 278px) 100vw, 278px\" \/><\/figure><\/div>\n\n\n\n<p>Keine Verschw\u00f6rung ohne Theoretiker. Das anschwellende Geraune dieser eitlen Hass- und Dummbeutel, der amtlichen Irren, Rassisten, Wahnpatienten, Wichtigtuer, Nonsens plappernder Klugschei\u00dfer ohne Urteilskraft ist mir Ansporn und Motivation, schreibend und mit schr\u00e4gem Humor dem allt\u00e4glichen Irrsinn einen Spiegel vorzuhalten.<br>Ein Akt der Notwehr.<br>Dar\u00fcber hinaus bin ich der festen \u00dcberzeugung, dass ohne Phantasie die Intelligenz stranden muss wie ein Vergn\u00fcgungsdampfer, auf dem eine Blaskapelle l\u00e4rmt, der aber ohne Kompass unterwegs ist \u2013 \u00fcbrigens nicht selten auf der Suche nach dem Rand der Welt.<\/p>\n\n\n\n<h3>\u00dcber mich<\/h3>\n\n\n\n<div class=\"wp-block-group\"><div class=\"wp-block-group__inner-container\">\n<p>Betriebswirt, Sozialwissenschaftler, Mediator, Korruptionsbek\u00e4mpfer, Managementtrainer, Chaosbeobachter, Science-Fiction-Fan, Nonsensdichter, Schreiberling, Da-Da-Verehrer, Yak-Tee-Liebhaber, Bretagne-Freund, Schachspieler, Doppelkopfexperte, Comictexter, Phantast, Chronist des ganz allt\u00e4glichen Wahnsinns.<\/p>\n<\/div><\/div>\n\n\n\n<div class=\"wp-block-group\"><div class=\"wp-block-group__inner-container\">\n<div class=\"wp-block-group\"><div class=\"wp-block-group__inner-container\">\n<h3>Mein Motto<\/h3>\n<\/div><\/div>\n<\/div><\/div>\n\n\n\n<div class=\"wp-block-group\"><div class=\"wp-block-group__inner-container\">\n<p><\/p>\n<\/div><\/div>\n\n\n\n<div class=\"wp-block-group\"><div class=\"wp-block-group__inner-container\">\n<p>Wenn sich die Fakten \u00e4ndern, \u00e4ndere ich meine Meinung.<br>Keine Wahrheit ist absolut.<br>Lesend schreiben.<\/p>\n<\/div><\/div>\n\n\n\n<figure class=\"wp-block-gallery aligncenter columns-1 is-cropped\"><ul class=\"blocks-gallery-grid\"><li class=\"blocks-gallery-item\"><figure><img loading=\"lazy\" width=\"717\" height=\"480\" src=\"https:\/\/xn--jrg-werner-ecb.com\/wp-content\/uploads\/2020\/06\/K1024_11Lesvellec.jpg\" alt=\"\" data-id=\"278\" data-full-url=\"https:\/\/xn--jrg-werner-ecb.com\/wp-content\/uploads\/2020\/06\/K1024_11Lesvellec.jpg\" data-link=\"https:\/\/xn--jrg-werner-ecb.com\/index.php\/diese-website-entsteht-gerade\/k1024_11lesvellec\/\" class=\"wp-image-278\" srcset=\"https:\/\/xn--jrg-werner-ecb.com\/wp-content\/uploads\/2020\/06\/K1024_11Lesvellec.jpg 717w, https:\/\/xn--jrg-werner-ecb.com\/wp-content\/uploads\/2020\/06\/K1024_11Lesvellec-300x201.jpg 300w\" sizes=\"(max-width: 717px) 100vw, 717px\" \/><\/figure><\/li><li class=\"blocks-gallery-item\"><figure><img loading=\"lazy\" width=\"2560\" height=\"1920\" src=\"https:\/\/xn--jrg-werner-ecb.com\/wp-content\/uploads\/2020\/10\/A16plIMG_3052aa-scaled.jpg\" alt=\"\" data-id=\"351\" data-full-url=\"https:\/\/xn--jrg-werner-ecb.com\/wp-content\/uploads\/2020\/10\/A16plIMG_3052aa-scaled.jpg\" data-link=\"https:\/\/xn--jrg-werner-ecb.com\/index.php\/diese-website-entsteht-gerade\/a16plimg_3052aa\/\" class=\"wp-image-351\" srcset=\"https:\/\/xn--jrg-werner-ecb.com\/wp-content\/uploads\/2020\/10\/A16plIMG_3052aa-scaled.jpg 2560w, https:\/\/xn--jrg-werner-ecb.com\/wp-content\/uploads\/2020\/10\/A16plIMG_3052aa-300x225.jpg 300w, https:\/\/xn--jrg-werner-ecb.com\/wp-content\/uploads\/2020\/10\/A16plIMG_3052aa-1024x768.jpg 1024w, https:\/\/xn--jrg-werner-ecb.com\/wp-content\/uploads\/2020\/10\/A16plIMG_3052aa-768x576.jpg 768w, https:\/\/xn--jrg-werner-ecb.com\/wp-content\/uploads\/2020\/10\/A16plIMG_3052aa-1536x1152.jpg 1536w, https:\/\/xn--jrg-werner-ecb.com\/wp-content\/uploads\/2020\/10\/A16plIMG_3052aa-2048x1536.jpg 2048w, https:\/\/xn--jrg-werner-ecb.com\/wp-content\/uploads\/2020\/10\/A16plIMG_3052aa-960x720.jpg 960w, https:\/\/xn--jrg-werner-ecb.com\/wp-content\/uploads\/2020\/10\/A16plIMG_3052aa-640x480.jpg 640w\" sizes=\"(max-width: 2560px) 100vw, 2560px\" \/><\/figure><\/li><li class=\"blocks-gallery-item\"><figure><img loading=\"lazy\" width=\"2560\" height=\"1920\" src=\"https:\/\/xn--jrg-werner-ecb.com\/wp-content\/uploads\/2020\/10\/IMG_9435-scaled.jpg\" alt=\"\" data-id=\"354\" data-full-url=\"https:\/\/xn--jrg-werner-ecb.com\/wp-content\/uploads\/2020\/10\/IMG_9435-scaled.jpg\" data-link=\"https:\/\/xn--jrg-werner-ecb.com\/index.php\/diese-website-entsteht-gerade\/img_9435\/\" class=\"wp-image-354\" srcset=\"https:\/\/xn--jrg-werner-ecb.com\/wp-content\/uploads\/2020\/10\/IMG_9435-scaled.jpg 2560w, https:\/\/xn--jrg-werner-ecb.com\/wp-content\/uploads\/2020\/10\/IMG_9435-300x225.jpg 300w, https:\/\/xn--jrg-werner-ecb.com\/wp-content\/uploads\/2020\/10\/IMG_9435-1024x768.jpg 1024w, https:\/\/xn--jrg-werner-ecb.com\/wp-content\/uploads\/2020\/10\/IMG_9435-768x576.jpg 768w, https:\/\/xn--jrg-werner-ecb.com\/wp-content\/uploads\/2020\/10\/IMG_9435-1536x1152.jpg 1536w, https:\/\/xn--jrg-werner-ecb.com\/wp-content\/uploads\/2020\/10\/IMG_9435-2048x1536.jpg 2048w, https:\/\/xn--jrg-werner-ecb.com\/wp-content\/uploads\/2020\/10\/IMG_9435-960x720.jpg 960w, https:\/\/xn--jrg-werner-ecb.com\/wp-content\/uploads\/2020\/10\/IMG_9435-640x480.jpg 640w\" sizes=\"(max-width: 2560px) 100vw, 2560px\" \/><\/figure><\/li><li class=\"blocks-gallery-item\"><figure><img loading=\"lazy\" width=\"2560\" height=\"1920\" src=\"https:\/\/xn--jrg-werner-ecb.com\/wp-content\/uploads\/2020\/10\/IMG_9442-scaled.jpg\" alt=\"\" data-id=\"355\" data-full-url=\"https:\/\/xn--jrg-werner-ecb.com\/wp-content\/uploads\/2020\/10\/IMG_9442-scaled.jpg\" data-link=\"https:\/\/xn--jrg-werner-ecb.com\/index.php\/diese-website-entsteht-gerade\/img_9442\/\" class=\"wp-image-355\" srcset=\"https:\/\/xn--jrg-werner-ecb.com\/wp-content\/uploads\/2020\/10\/IMG_9442-scaled.jpg 2560w, https:\/\/xn--jrg-werner-ecb.com\/wp-content\/uploads\/2020\/10\/IMG_9442-300x225.jpg 300w, https:\/\/xn--jrg-werner-ecb.com\/wp-content\/uploads\/2020\/10\/IMG_9442-1024x768.jpg 1024w, https:\/\/xn--jrg-werner-ecb.com\/wp-content\/uploads\/2020\/10\/IMG_9442-768x576.jpg 768w, https:\/\/xn--jrg-werner-ecb.com\/wp-content\/uploads\/2020\/10\/IMG_9442-1536x1152.jpg 1536w, https:\/\/xn--jrg-werner-ecb.com\/wp-content\/uploads\/2020\/10\/IMG_9442-2048x1536.jpg 2048w, https:\/\/xn--jrg-werner-ecb.com\/wp-content\/uploads\/2020\/10\/IMG_9442-960x720.jpg 960w, https:\/\/xn--jrg-werner-ecb.com\/wp-content\/uploads\/2020\/10\/IMG_9442-640x480.jpg 640w\" sizes=\"(max-width: 2560px) 100vw, 2560px\" \/><\/figure><\/li><li class=\"blocks-gallery-item\"><figure><img loading=\"lazy\" width=\"2560\" height=\"1920\" src=\"https:\/\/xn--jrg-werner-ecb.com\/wp-content\/uploads\/2020\/10\/IMG_9453-scaled.jpg\" alt=\"\" data-id=\"356\" data-full-url=\"https:\/\/xn--jrg-werner-ecb.com\/wp-content\/uploads\/2020\/10\/IMG_9453-scaled.jpg\" data-link=\"https:\/\/xn--jrg-werner-ecb.com\/index.php\/diese-website-entsteht-gerade\/img_9453\/\" class=\"wp-image-356\" srcset=\"https:\/\/xn--jrg-werner-ecb.com\/wp-content\/uploads\/2020\/10\/IMG_9453-scaled.jpg 2560w, https:\/\/xn--jrg-werner-ecb.com\/wp-content\/uploads\/2020\/10\/IMG_9453-300x225.jpg 300w, https:\/\/xn--jrg-werner-ecb.com\/wp-content\/uploads\/2020\/10\/IMG_9453-1024x768.jpg 1024w, https:\/\/xn--jrg-werner-ecb.com\/wp-content\/uploads\/2020\/10\/IMG_9453-768x576.jpg 768w, https:\/\/xn--jrg-werner-ecb.com\/wp-content\/uploads\/2020\/10\/IMG_9453-1536x1152.jpg 1536w, https:\/\/xn--jrg-werner-ecb.com\/wp-content\/uploads\/2020\/10\/IMG_9453-2048x1536.jpg 2048w, https:\/\/xn--jrg-werner-ecb.com\/wp-content\/uploads\/2020\/10\/IMG_9453-960x720.jpg 960w, https:\/\/xn--jrg-werner-ecb.com\/wp-content\/uploads\/2020\/10\/IMG_9453-640x480.jpg 640w\" sizes=\"(max-width: 2560px) 100vw, 2560px\" \/><\/figure><\/li><li class=\"blocks-gallery-item\"><figure><img loading=\"lazy\" width=\"2560\" height=\"1920\" src=\"https:\/\/xn--jrg-werner-ecb.com\/wp-content\/uploads\/2020\/10\/B707-scaled.jpg\" alt=\"\" data-id=\"352\" data-full-url=\"https:\/\/xn--jrg-werner-ecb.com\/wp-content\/uploads\/2020\/10\/B707-scaled.jpg\" data-link=\"https:\/\/xn--jrg-werner-ecb.com\/index.php\/diese-website-entsteht-gerade\/b707\/\" class=\"wp-image-352\" srcset=\"https:\/\/xn--jrg-werner-ecb.com\/wp-content\/uploads\/2020\/10\/B707-scaled.jpg 2560w, https:\/\/xn--jrg-werner-ecb.com\/wp-content\/uploads\/2020\/10\/B707-300x225.jpg 300w, https:\/\/xn--jrg-werner-ecb.com\/wp-content\/uploads\/2020\/10\/B707-1024x768.jpg 1024w, https:\/\/xn--jrg-werner-ecb.com\/wp-content\/uploads\/2020\/10\/B707-768x576.jpg 768w, https:\/\/xn--jrg-werner-ecb.com\/wp-content\/uploads\/2020\/10\/B707-1536x1152.jpg 1536w, https:\/\/xn--jrg-werner-ecb.com\/wp-content\/uploads\/2020\/10\/B707-2048x1536.jpg 2048w, https:\/\/xn--jrg-werner-ecb.com\/wp-content\/uploads\/2020\/10\/B707-960x720.jpg 960w, https:\/\/xn--jrg-werner-ecb.com\/wp-content\/uploads\/2020\/10\/B707-640x480.jpg 640w\" sizes=\"(max-width: 2560px) 100vw, 2560px\" \/><\/figure><\/li><\/ul><\/figure>\n\n\n\n<p><\/p>\n","protected":false},"excerpt":{"rendered":"<p>Suchende fragen: \u201eWas ist Dadaismus im Weltall?\u201c Lama Yongdong antwortet: \u201eWenn dort pl\u00f6tzlich das Licht angeht und eine riesige Leuchtschrift<a href=\"https:\/\/xn--jrg-werner-ecb.com\/\" class=\"more-link\"><span class=\"readmore\">Continue reading<span class=\"screen-reader-text\">Willkommen!<\/span><\/span><\/a><\/p>\n","protected":false},"author":1,"featured_media":49,"parent":0,"menu_order":0,"comment_status":"closed","ping_status":"closed","template":"","meta":{"_links_to":"","_links_to_target":""},"_links":{"self":[{"href":"https:\/\/xn--jrg-werner-ecb.com\/index.php\/wp-json\/wp\/v2\/pages\/26"}],"collection":[{"href":"https:\/\/xn--jrg-werner-ecb.com\/index.php\/wp-json\/wp\/v2\/pages"}],"about":[{"href":"https:\/\/xn--jrg-werner-ecb.com\/index.php\/wp-json\/wp\/v2\/types\/page"}],"author":[{"embeddable":true,"href":"https:\/\/xn--jrg-werner-ecb.com\/index.php\/wp-json\/wp\/v2\/users\/1"}],"replies":[{"embeddable":true,"href":"https:\/\/xn--jrg-werner-ecb.com\/index.php\/wp-json\/wp\/v2\/comments?post=26"}],"version-history":[{"count":30,"href":"https:\/\/xn--jrg-werner-ecb.com\/index.php\/wp-json\/wp\/v2\/pages\/26\/revisions"}],"predecessor-version":[{"id":474,"href":"https:\/\/xn--jrg-werner-ecb.com\/index.php\/wp-json\/wp\/v2\/pages\/26\/revisions\/474"}],"wp:featuredmedia":[{"embeddable":true,"href":"https:\/\/xn--jrg-werner-ecb.com\/index.php\/wp-json\/wp\/v2\/media\/49"}],"wp:attachment":[{"href":"https:\/\/xn--jrg-werner-ecb.com\/index.php\/wp-json\/wp\/v2\/media?parent=26"}],"curies":[{"name":"wp","href":"https:\/\/api.w.org\/{rel}","templated":true}]}}