{"id":164,"date":"2019-12-14T13:48:51","date_gmt":"2019-12-14T11:48:51","guid":{"rendered":"http:\/\/xn--jrg-werner-ecb.com\/?page_id=164"},"modified":"2020-10-09T15:51:57","modified_gmt":"2020-10-09T13:51:57","slug":"goetzendaemmerung-iii-luzifers-lunte","status":"publish","type":"page","link":"https:\/\/xn--jrg-werner-ecb.com\/index.php\/goetzendaemmerung-iii-luzifers-lunte\/","title":{"rendered":"G\u00f6tzend\u00e4mmerung III &#8211; Luzifers Lunte"},"content":{"rendered":"\n<p style=\"font-size:20px\"><strong><a href=\"https:\/\/www.amazon.de\/G%C3%B6tzend%C3%A4mmerung-III-Luzifers-J%C3%B6rg-Werner-ebook\/dp\/B019A5DZFC\/ref=sr_1_15?__mk_de_DE=%C3%85M%C3%85%C5%BD%C3%95%C3%91&amp;keywords=g%C3%B6tzend%C3%A4mmerung&amp;qid=1583842257&amp;sr=8-15\" target=\"_blank\" rel=\"noreferrer noopener\">Hier klicken f\u00fcr das E-Book.<\/a><br><a href=\"https:\/\/www.amazon.de\/G%C3%B6tzend%C3%A4mmerung-III-Luzifers-J%C3%B6rg-Werner\/dp\/3750201048\/ref=sr_1_4?__mk_de_DE=%C3%85M%C3%85%C5%BD%C3%95%C3%91&amp;keywords=g%C3%B6tzend%C3%A4mmerung+III&amp;qid=1583843399&amp;sr=8-4\" target=\"_blank\" rel=\"noreferrer noopener\">Hier klicken f\u00fcr das Taschenbuch.<\/a><\/strong><\/p>\n\n\n\n<p>Suchende fragen: \u201eWas\nist Dadaismus im Weltall?\u201c<strong><\/strong><\/p>\n\n\n\n<div class=\"wp-block-image\"><figure class=\"alignleft size-medium\"><a href=\"https:\/\/www.amazon.de\/G%C3%B6tzend%C3%A4mmerung-III-Luzifers-J%C3%B6rg-Werner-ebook\/dp\/B019A5DZFC\/ref=sr_1_1?__mk_de_DE=%C3%85M%C3%85%C5%BD%C3%95%C3%91&amp;keywords=g%C3%B6tzend%C3%A4mmerung+III&amp;qid=1583843399&amp;sr=8-1\"><img loading=\"lazy\" width=\"300\" height=\"256\" src=\"https:\/\/xn--jrg-werner-ecb.com\/wp-content\/uploads\/2019\/12\/GD3-300x256.png\" alt=\"\" class=\"wp-image-165\" srcset=\"https:\/\/xn--jrg-werner-ecb.com\/wp-content\/uploads\/2019\/12\/GD3-300x256.png 300w, https:\/\/xn--jrg-werner-ecb.com\/wp-content\/uploads\/2019\/12\/GD3.png 766w\" sizes=\"(max-width: 300px) 100vw, 300px\" \/><\/a><\/figure><\/div>\n\n\n\n<p><strong>Lama Yongdong<\/strong> antwortet: \u201eWenn\ndort pl\u00f6tzlich das Licht angeht und eine riesige Leuchtschrift verk\u00fcndet: <em>Halleluja\nDilettanten<\/em>!\u201c<\/p>\n\n\n\n<p><strong>Festgeschnallt\nund Drogen beiseite ger\u00e4umt es geht weiter\u2026<\/strong><\/p>\n\n\n\n<p>\u201eWenn die Bezeichnung <em>Fliegender Zirkus<\/em> etwas zutreffend zu bezeichnen vermochte, dann\ndie Zust\u00e4nde auf der Langstreckenraumf\u00e4hre <em>Tannh\u00e4user<\/em>\nder galaktischen Postunion. Das galt ganz besonders f\u00fcr die Zeit vor dem gro\u00dfen\nEis-Golfturnier<em>\u2026<\/em>\u201c<\/p>\n\n\n\n<div class=\"wp-block-image\"><figure class=\"alignright size-medium\"><a href=\"https:\/\/www.amazon.de\/G%C3%B6tzend%C3%A4mmerung-III-Luzifers-J%C3%B6rg-Werner-ebook\/dp\/B019A5DZFC\/ref=sr_1_1?__mk_de_DE=%C3%85M%C3%85%C5%BD%C3%95%C3%91&amp;keywords=g%C3%B6tzend%C3%A4mmerung+III&amp;qid=1583843399&amp;sr=8-1\"><img loading=\"lazy\" width=\"188\" height=\"300\" src=\"https:\/\/xn--jrg-werner-ecb.com\/wp-content\/uploads\/2020\/01\/Go\u0308tzenFinale-3-188x300.jpg\" alt=\"\" class=\"wp-image-183\"\/><\/a><\/figure><\/div>\n\n\n\n<p><strong><em>\u201eMit\nhintergr\u00fcndigem Humor und einem sicheren Gesp\u00fcr f\u00fcr intelligenten Nonsens, wie\ner uns bisher nur aus England bekannt ist, nimmt uns J\u00f6rg Werners Alter Ego\nTaschke mit auf eine abenteuerliche Reise. So phantastisch der Plot auch ist,\nimmer wieder wird Taschke in Situationen verstrickt, die sinnig, unsinnige\nFragen aus Philosophie, Religion und dem esoterischen New-Age-Terror unseres Alltags\naufwerfen und uns so, mit einem Augenzwinkern, den Spiegel vorhalten.<\/em><\/strong><strong><em> <\/em><\/strong><\/p>\n\n\n\n<p><strong><em>Jeder der\nMonty Python und Pratchett kennen und lieben gelernt hat, wird auch dieses\nKabinettst\u00fcck, aus deutscher Feder, nicht mehr aus der Hand legen wollen.\u201c<\/em><\/strong><\/p>\n\n\n\n<p><em>(Lukas Wagenfeld\n&#8211; Amazon)<\/em><\/p>\n\n\n\n<p><strong>Die\nabgedrehten Abenteuer im All von Herrn Taschke und Lama Yongdong.<\/strong><\/p>\n","protected":false},"excerpt":{"rendered":"<p>Hier klicken f\u00fcr das E-Book.Hier klicken f\u00fcr das Taschenbuch. Suchende fragen: \u201eWas ist Dadaismus im Weltall?\u201c Lama Yongdong antwortet: \u201eWenn<a href=\"https:\/\/xn--jrg-werner-ecb.com\/index.php\/goetzendaemmerung-iii-luzifers-lunte\/\" class=\"more-link\"><span class=\"readmore\">Continue reading<span class=\"screen-reader-text\">G\u00f6tzend\u00e4mmerung III &#8211; Luzifers Lunte<\/span><\/span><\/a><\/p>\n","protected":false},"author":1,"featured_media":0,"parent":0,"menu_order":0,"comment_status":"closed","ping_status":"closed","template":"","meta":{"_links_to":"","_links_to_target":""},"_links":{"self":[{"href":"https:\/\/xn--jrg-werner-ecb.com\/index.php\/wp-json\/wp\/v2\/pages\/164"}],"collection":[{"href":"https:\/\/xn--jrg-werner-ecb.com\/index.php\/wp-json\/wp\/v2\/pages"}],"about":[{"href":"https:\/\/xn--jrg-werner-ecb.com\/index.php\/wp-json\/wp\/v2\/types\/page"}],"author":[{"embeddable":true,"href":"https:\/\/xn--jrg-werner-ecb.com\/index.php\/wp-json\/wp\/v2\/users\/1"}],"replies":[{"embeddable":true,"href":"https:\/\/xn--jrg-werner-ecb.com\/index.php\/wp-json\/wp\/v2\/comments?post=164"}],"version-history":[{"count":6,"href":"https:\/\/xn--jrg-werner-ecb.com\/index.php\/wp-json\/wp\/v2\/pages\/164\/revisions"}],"predecessor-version":[{"id":392,"href":"https:\/\/xn--jrg-werner-ecb.com\/index.php\/wp-json\/wp\/v2\/pages\/164\/revisions\/392"}],"wp:attachment":[{"href":"https:\/\/xn--jrg-werner-ecb.com\/index.php\/wp-json\/wp\/v2\/media?parent=164"}],"curies":[{"name":"wp","href":"https:\/\/api.w.org\/{rel}","templated":true}]}}