{"id":103,"date":"2019-11-30T20:37:06","date_gmt":"2019-11-30T18:37:06","guid":{"rendered":"http:\/\/xn--jrg-werner-ecb.com\/?page_id=103"},"modified":"2020-06-14T18:56:24","modified_gmt":"2020-06-14T16:56:24","slug":"mythos-strategie-vom-wesen-des-kampfdenkens","status":"publish","type":"page","link":"https:\/\/xn--jrg-werner-ecb.com\/index.php\/mythos-strategie-vom-wesen-des-kampfdenkens\/","title":{"rendered":"Mythos Strategie &#8211; vom Wesen des Kampfdenkens"},"content":{"rendered":"\n<h3 class=\"has-text-align-left\">Hinf\u00fchrung und Projektbeschreibung<\/h3>\n\n\n\n<p><strong>Allgemeine Inhaltsangabe:<\/strong><br>Hinter den so genannten Kr\u00e4ften des Schicksals verbirgt sich in den meisten F\u00e4llen die Macht der Strategie.<br>Das Buch begibt sich auf die <strong>Suche nach der Essenz der Strategie <\/strong>&#8211; ernsthaft, ironisch, kritisch. <br>In allen Bereichen unseres Lebens begegnen uns Strategien.<br>Strategisches Denken ist die zentrale F\u00fchrungsf\u00e4higkeit in allen menschlichen Organisationen und die bestimmende Kraft jeder Zukunftsgestaltung.<br>Strategien steuern und definieren den Verlauf von Konflikten. <br>Die Logik der Strategie bestimmt, wer, wann, wo und wie gewinnt oder verliert.\u00a0 <br>Das Manuskript beschreibt Strategie als prim\u00e4res Werkzeug des menschlichen Geistes zur F\u00fchrung von Auseinandersetzung, als <em>das <\/em>zentrale Instrument zur Durchsetzung des eigenen Willens.<br>Es zeigt auf, wie die Regeln der Strategie wirken, selbst dann, wenn Sieger und Verlierer sich der universellen Gesetzm\u00e4\u00dfigkeit der Strategie nicht bewusst sind.<br>Es beschreibt die positive Kraft der Strategie als Basis f\u00fcr die Entwicklung einer einheitlichen Auffassung, als Grundlage f\u00fcr eine gemeinsame Logik des Handelns und nicht zuletzt als Hort gesunden Menschenverstandes.<br>Es analysiert andererseits die negative Macht von Strategie.<br>Es setzt sich damit auseinander, nach welchen \u00dcberlegungen vom Menschen entfesselte Kr\u00e4fte und Energien aufeinanderprallen. Nach welcher Logik und mit welchen Methoden seit alters her vom Menschen Zukunft gestaltet wird, wobei der Einsatz zweckrationaler Gewalt immer als Option vorhanden ist. <br>Die ethische Dimension strategischen Verhaltens, ihr Missbrauch als Werkzeug von Unterdr\u00fcckung und Aneignung\u00a0 sowie die Funktionalisierung von Strategie als Schwert und Schild von Machterwerb und Machterhalt wird dargestellt und hinterfragt.<br>Dieses Buch wirft einen Blick auf Strategie und strategisches Denken aus der Perspektive des von Leidenschaften und \u00f6konomischen Interessen getriebenen Menschen, der seine Ratio zu seinem Nutzen und Fluch einsetzt und die Geister, die er rief, oft weder versteht, noch zu kontrollieren vermag.<br>Unter den viel zitierten Begriffen mit zunehmendem Unsinnsfaktor rangiert die Strategie im Favoritenfeld. Das Buch will dem entgegen wirken.<br>Die Kenntnis der Strategie, das Verst\u00e4ndnis ihrer Logik und ihrer Wirkungsweise, ist unverzichtbares Grundlagenwissen f\u00fcr all jene, die ihren Handlungsspielraum gegen\u00fcber Gier, Skrupellosigkeit und Egomanie erweitern oder wahren wollen. Ihnen gilt dieser Text im Besonderen.<\/p>\n\n\n\n<p><strong>Detaillierte Inhaltsangabe:<\/strong><br>Das Buch gliedert sich in drei Hauptteile mit insgesamt 25 Kapiteln.<br>Im Anschluss an die in den Kapiteln dargelegten \u00dcberlegungen folgt eine \u00dcbersicht mit den Kernthesen jedes Kapitels. Eine sich anschlie\u00dfende\u00a0 Satire, dargelegt von Lo-Tse dem eigensinnigen Zen Meister, greift die Aussagen kurz und einpr\u00e4gsam, mit eigenwilliger Logik, auf. <br>Thesen und Satire f\u00fcr sich betrachtet erfassen Idee und Inhalt des vorangestellten Kapitels f\u00fcr den eiligen Leser.<br>Jedes Kapitel hat zwischen 10\u00a0 bis 25 Normseiten und bewahrt auch f\u00fcr sich gelesen Sinn und Inhalt.\u00a0\u00a0 <br>Historische Ereignisse, geschichtliche \u00dcberlieferungen und am\u00fcsante wie makabere\u00a0 Begebenheiten\u00a0 des\u00a0 Zeitgeschehens bilden Basis und Hintergrund diverser \u00dcberlegungen.<br>Als Beispiel sei hier das Kapitel <em>Strategie und freier Wille<\/em>\u00a0 angef\u00fchrt, worin die These dargelegt wird, dass die Strategie <em>naturgem\u00e4\u00df<\/em> zur <em>Entgrenzung <\/em>in der Wahl ihrer Mittel treibt. Die irrwitzige Folterdebatte in den westlichen Demokratien wird, unter anderem, zum Beleg der These analysiert und zur Beweisf\u00fchrung herangezogen. <br>Der Krisenherd Naher Osten, Staatszerfall, Ressourcenwettlauf, der Kampf gegen den Terror und die Korruption tauchen aufgrund ihres aktuellen Bezugs zu unserer unmittelbaren Lebenswirklichkeit ebenso h\u00e4ufig auf, wie bekannte und weniger bekannte Ereignisse der Geschichte.\u00a0\u00a0\u00a0\u00a0 <br>Der erste Teil befasst sich mit der Strategie im Kontext unserer Zeit:<br>Wie, warum und wo sie uns begegnet und was sie ist.<br>Der zweite Teil besch\u00e4ftigt sich mit zentralen Elementen von Strategie.<br>Darin wird die Wirkungsweise von Strategie und ihr Verh\u00e4ltnis zu einzelnen Teilen des Strategieprozesses beschrieben.<br>Der dritte Teil beleuchtet Einfluss und Wirken von Strategien im Zusammenhang mit\u00a0 Ph\u00e4nomenen unserer Wirklichkeit. <br>Er erz\u00e4hlt von der Wechselwirkung zwischen Strategie und dem Feld ihres Einsatzes. So entwickelt die Strategie jeweils andere Eigendynamiken im Zusammenhang von Politik, \u00d6konomie, Diplomatie, Konflikt, Krieg, Verschw\u00f6rung oder Spiel.\u00a0 <br>Der Text m\u00f6chte informieren, unterhalten und zum Weiterdenken einladen, indem er die Perspektive auf den Begriff Strategie ver\u00e4ndert.\u00a0 <\/p>\n\n\n\n<p><em>Wenn\nes mehr als eine M\u00f6glichkeit gibt eine Sache zu erledigen, und eine der\nM\u00f6glichkeiten endet in einem Desaster, dann findet sich jemand, der diesen Weg\neinschl\u00e4gt.<\/em><\/p>\n\n\n\n<p><em>&nbsp;&nbsp;&nbsp;&nbsp;&nbsp;&nbsp;&nbsp;&nbsp;&nbsp;&nbsp; <\/em>Murphys Gesetz in der Originalformulierung &#8211; laut seiner\nWitwe.<\/p>\n\n\n\n<p><em>Jede\nOrganisation braucht wenigstens eine Person, die wei\u00df was vor sich geht, warum\nes geschieht und wer sich darum k\u00fcmmert.<\/em><\/p>\n\n\n\n<p>&nbsp;&nbsp;&nbsp;&nbsp;&nbsp;&nbsp;&nbsp;&nbsp;&nbsp;&nbsp; Terry Pratchett &#8211; \u201eAb die Post\u201c<\/p>\n\n\n\n<p><em>Das Ziel der Strategie ist es, zu\ngewinnen, die Logik der Strategie bestimmt, wer gewinnt, ihre Methoden\ndefinieren, wie man gewinnt, nach ihren Regeln werden dem Sieg Grenzen gesetzt.<\/em>\n\nEdward Luttwak&nbsp; &#8222;Strategie&#8220;\n\n\n\n\n<\/p>\n","protected":false},"excerpt":{"rendered":"<p>Hinf\u00fchrung und Projektbeschreibung Allgemeine Inhaltsangabe:Hinter den so genannten Kr\u00e4ften des Schicksals verbirgt sich in den meisten F\u00e4llen die Macht der<a href=\"https:\/\/xn--jrg-werner-ecb.com\/index.php\/mythos-strategie-vom-wesen-des-kampfdenkens\/\" class=\"more-link\"><span class=\"readmore\">Continue reading<span class=\"screen-reader-text\">Mythos Strategie &#8211; vom Wesen des Kampfdenkens<\/span><\/span><\/a><\/p>\n","protected":false},"author":1,"featured_media":0,"parent":0,"menu_order":0,"comment_status":"closed","ping_status":"closed","template":"","meta":{"_links_to":"","_links_to_target":""},"_links":{"self":[{"href":"https:\/\/xn--jrg-werner-ecb.com\/index.php\/wp-json\/wp\/v2\/pages\/103"}],"collection":[{"href":"https:\/\/xn--jrg-werner-ecb.com\/index.php\/wp-json\/wp\/v2\/pages"}],"about":[{"href":"https:\/\/xn--jrg-werner-ecb.com\/index.php\/wp-json\/wp\/v2\/types\/page"}],"author":[{"embeddable":true,"href":"https:\/\/xn--jrg-werner-ecb.com\/index.php\/wp-json\/wp\/v2\/users\/1"}],"replies":[{"embeddable":true,"href":"https:\/\/xn--jrg-werner-ecb.com\/index.php\/wp-json\/wp\/v2\/comments?post=103"}],"version-history":[{"count":3,"href":"https:\/\/xn--jrg-werner-ecb.com\/index.php\/wp-json\/wp\/v2\/pages\/103\/revisions"}],"predecessor-version":[{"id":335,"href":"https:\/\/xn--jrg-werner-ecb.com\/index.php\/wp-json\/wp\/v2\/pages\/103\/revisions\/335"}],"wp:attachment":[{"href":"https:\/\/xn--jrg-werner-ecb.com\/index.php\/wp-json\/wp\/v2\/media?parent=103"}],"curies":[{"name":"wp","href":"https:\/\/api.w.org\/{rel}","templated":true}]}}